{"id":2985,"date":"2018-07-09T14:13:55","date_gmt":"2018-07-09T12:13:55","guid":{"rendered":"https:\/\/www.barbara-loth.de\/pie-de-imprenta\/"},"modified":"2023-12-12T19:49:52","modified_gmt":"2023-12-12T18:49:52","slug":"pie-de-imprenta","status":"publish","type":"page","link":"https:\/\/www.barbara-loth.de\/es\/pie-de-imprenta\/","title":{"rendered":"Pie de imprenta"},"content":{"rendered":"<p><section id=\"bt_section69dfea9b77399\" data-parallax=\"0.1\" data-parallax-offset=\"0\" class=\"boldSection topExtraSpaced bottomSpaced btDarkSkin gutter inherit btParallax btBackgroundOverlay btStripedDark\" ><div class=\"port\"><div class=\"boldCell\"><div class=\"boldCellInner\"><div class=\"boldRow \" ><div class=\"boldRowInner\"><div class=\"rowItem col-md-8 col-ms-12 btTextLeft inherit\"  data-width=\"8\"><div class=\"rowItemContent\" ><div class=\"btClear btSeparator topSemiSpaced bottomSmallSpaced noBorder\" ><hr><\/div><header class=\"header btClear large btDash bottomDash\" ><div class=\"dash\"><div class=\"btSuperTitle\"><span>LEGAL<\/span><\/div><h2><span class=\"headline\">Pie de imprenta y <b class=\"animate\">proveedor <\/b> del sitio web<\/span><\/h2><\/div><div class=\"btSubTitle\">Datos de contacto, proveedor y operador del sitio web<\/div><\/header><\/div><\/div><div class=\"rowItem col-md-4 col-ms-12 btTextLeft animate animate-fadein inherit\"  data-width=\"4\"><div class=\"rowItemContent\" ><\/div><\/div><\/div><\/div><\/div><\/div><\/div><\/section><section id=\"bt_section69dfea9b77785\"  class=\"boldSection topSemiSpaced bottomSpaced gutter inherit\" ><div class=\"port\"><div class=\"boldCell\"><div class=\"boldCellInner\"><div class=\"boldRow \" ><div class=\"boldRowInner\"><div class=\"rowItem col-md-12 col-ms-12  btTextLeft animate animate-fadein animate-moveup inherit\"  data-width=\"12\"><div class=\"rowItemContent\" ><\/div><\/div><\/div><\/div><div class=\"boldRow \" ><div class=\"boldRowInner\"><div class=\"rowItem col-md-6 col-sm-12 btTextLeft animate animate-fadein animate-moveup inherit\"  data-width=\"6\"><div class=\"rowItemContent\" ><header class=\"header btClear medium btDash bottomDash\" ><div class=\"dash\"><h3><span class=\"headline\">Editor de esta p\u00e1gina<\/span><\/h3><\/div><\/header><div class=\"btText\" ><\/p>\n<p>Barbara Loth<br \/>\nFriedrichstr. 95<br \/>\n10117 Berl\u00edn<\/p>\n<p>Tel\u00e9fono 030 &#8211; 235 904 370<br \/>\nFax 030 &#8211; 235 904 371<br \/>\nCorreo electr\u00f3nico: info@barbara-loth.de<br \/>\nWeb: <a href=\"http:\/\/www.barbara-loth.de\">www.barbara-loth.de<\/a><\/p>\n<p>N\u00famero de identificaci\u00f3n fiscal 34\/425\/01069 Delegaci\u00f3n de Hacienda Mitte\/Tiergarten<\/p>\n<p>La Sra. Barbara Loth est\u00e1 colegiada en la Rep\u00fablica Federal de Alemania y es miembro del <a href=\"http:\/\/www.rak-berlin.de\/\">Colegio de Abogados de Berl\u00edn<\/a>, Littenstr. 9, 10179 Berl\u00edn. Los colegios de abogados tambi\u00e9n ejercen una supervisi\u00f3n profesional.<\/p>\n<p><strong>Reglamentos profesionales <\/strong><\/p>\n<p>Los siguientes reglamentos profesionales se aplican esencialmente a los distintos grupos profesionales:<br \/>\n<a href=\"http:\/\/bundesrecht.juris.de\/brao\/index.html\">BRAO Ley Federal de Abogados <\/a><br \/>\nC\u00f3digo de conducta profesional de los abogados del BORA<br \/>\nReglamento del abogado especialista<br \/>\nBRAGO baremo federal de honorarios para abogados<br \/>\nC\u00f3digo de conducta de los abogados de la Comunidad Europea (CCBE) <u><br \/>\n<\/u>Ley sobre las actividades de los abogados europeos en Alemania (EuRAG) de 9 de marzo de 2000 (BGBl. I p. 182)<br \/>\nLey de aplicaci\u00f3n de las directivas de la Comunidad Europea relativas al derecho profesional que regula la profesi\u00f3n de abogado<br \/>\nRVG &#8211; Ley de honorarios de abogados<\/p>\n<p>El reglamento profesional de la actividad figura en la p\u00e1gina web de la C\u00e1mara Federal de Abogados www.brak.de y puede consultarse en cualquier momento en el enlace \u00abBerufsrecht\u00bb.<\/p>\n<p><strong>Seguro de responsabilidad profesional<\/strong><\/p>\n<p>HDI Versicherung AG, Buchholzer Str. 98, 30655 Hannover<\/p>\n<p><strong>Mandato y acuerdos de remuneraci\u00f3n<\/strong><\/p>\n<p>Los servicios de Barbara Loth se prestan con arreglo a las Condiciones Generales de Contrataci\u00f3n, que pueden obtenerse en su despacho. Adem\u00e1s, se aplican acuerdos individuales de mandato y remuneraci\u00f3n tras una consulta detallada con los respectivos clientes.<\/p>\n<p><strong>Informaci\u00f3n sobre resoluci\u00f3n alternativa de litigios de conformidad con el art\u00edculo 36 de la Ley de resoluci\u00f3n de litigios en materia de consumo:<\/strong><\/p>\n<p>La junta de arbitraje de consumo competente para los litigios patrimoniales derivados de una relaci\u00f3n de clientela es la junta de arbitraje de la abogac\u00eda, Neue Gr\u00fcnstra\u00dfe 17, 10179 Berl\u00edn, <a href=\"http:\/\/www.schlichtungsstelle-der-rechtsanwaltschaft.de\/\">www.schlichtungsstelle-der-rechtsanwaltschaft.de.<\/a> Sin embargo, los abogados no est\u00e1n obligados a participar en procedimientos de resoluci\u00f3n de litigios ante una junta arbitral de consumo.<\/p>\n<p>Barbara Loth no est\u00e1 dispuesta a participar en un procedimiento de resoluci\u00f3n de litigios ante una junta de arbitraje de consumo, en particular la junta de arbitraje de la abogac\u00eda.<\/p>\n<p>Informaci\u00f3n sobre resoluci\u00f3n de litigios en l\u00ednea acc. Art. 14 p\u00e1rr. 1 Reglamento ODR [Reglamento (UE) 524\/2013]:<\/p>\n<p>Barbara Loth tambi\u00e9n llama la atenci\u00f3n de los consumidores sobre la plataforma de resoluci\u00f3n de litigios en l\u00ednea de la Uni\u00f3n Europea (plataforma ODR): ( <a href=\"http:\/\/ec.europa.eu\/consumers\/ODR\/\">http:\/\/ec.europa.eu\/consumers\/ODR\/<\/a> )<\/p>\n<p>Esta plataforma sirve para iniciar un procedimiento de resoluci\u00f3n de litigios ante una junta arbitral de consumo. Sin embargo, los abogados no est\u00e1n obligados a participar en tales procedimientos. Barbara Loth no est\u00e1 dispuesta a participar en un procedimiento de resoluci\u00f3n de litigios que pueda iniciarse a trav\u00e9s de esta plataforma.<\/p>\n<p>\n<\/div><div class=\"btClear btSeparator bottomSemiSpaced noBorder\" ><hr><\/div><\/div><\/div><div class=\"rowItem col-md-6 col-sm-12 btTextLeft animate animate-fadein animate-moveup inherit\"  data-width=\"6\"><div class=\"rowItemContent\" ><div class=\"btText\" ><\/p>\n<p><strong>Exclusi\u00f3n de responsabilidad<\/strong><\/p>\n<p>A pesar del cuidadoso control del contenido, no asumo ninguna responsabilidad por el contenido de los enlaces externos. Los operadores de las p\u00e1ginas enlazadas son los \u00fanicos responsables de su contenido.<\/p>\n<p>El contenido de la p\u00e1gina web de Barbara Loth sirve \u00fanicamente para proporcionar informaci\u00f3n general sobre las respectivas \u00e1reas del derecho o sobre el propio bufete. El contenido del sitio web no constituye asesoramiento jur\u00eddico y no puede sustituir al asesoramiento jur\u00eddico en casos individuales. Los contenidos de este sitio web han sido cuidadosamente investigados. No obstante, no se asume responsabilidad alguna por la exactitud del contenido publicado.<\/p>\n<p><strong>Conflicto de intereses<\/strong><strong><br \/>\n<\/strong>La normativa profesional proh\u00edbe a los abogados representar intereses contrapuestos (art\u00edculo 43a (4) del C\u00f3digo Civil alem\u00e1n). BRAO). Por ello, antes de aceptar un mandato, siempre comprobamos si existe un conflicto de intereses. Un correo electr\u00f3nico enviado al bufete de Barbara Loth a trav\u00e9s de Internet no constituye una relaci\u00f3n de cliente. Un mandato s\u00f3lo se concluye si la aceptaci\u00f3n del mandato es confirmada por el bufete de abogados.<\/p>\n<p><strong>Copyright<\/strong><strong><br \/>\n<\/strong>El contenido y las obras creadas por los operadores del sitio en estas p\u00e1ginas est\u00e1n sujetos a la legislaci\u00f3n alemana sobre derechos de autor. La reproducci\u00f3n, edici\u00f3n, distribuci\u00f3n y cualquier tipo de utilizaci\u00f3n fuera de los l\u00edmites de la ley de propiedad intelectual requieren el consentimiento por escrito del autor o creador correspondiente.<\/p>\n<p><a href=\"https:\/\/www.urbandivision.de\/\" target=\"_blank\" rel=\"noopener\">Marketing online | Dise\u00f1o web | SEO<\/a><br \/>\n<a href=\"https:\/\/www.urbandivision.de\"><img loading=\"lazy\" decoding=\"async\" class=\"size-medium alignleft\" src=\"https:\/\/urbandivision.de\/wp-content\/uploads\/2019\/08\/Logo-UrbanDivision.jpg\" alt=\"Marketing online SEO Dise\u00f1o web\" width=\"189\" height=\"90\" \/><\/a><\/p>\n<p>\n<\/div><div class=\"btClear btSeparator bottomSemiSpaced noBorder\" ><hr><\/div><\/div><\/div><\/div><\/div><\/div><\/div><\/div><\/section><\/p>\n","protected":false},"excerpt":{"rendered":"","protected":false},"author":2,"featured_media":0,"parent":0,"menu_order":0,"comment_status":"closed","ping_status":"closed","template":"","meta":{"footnotes":""},"class_list":["post-2985","page","type-page","status-publish","hentry"],"_links":{"self":[{"href":"https:\/\/www.barbara-loth.de\/es\/wp-json\/wp\/v2\/pages\/2985","targetHints":{"allow":["GET"]}}],"collection":[{"href":"https:\/\/www.barbara-loth.de\/es\/wp-json\/wp\/v2\/pages"}],"about":[{"href":"https:\/\/www.barbara-loth.de\/es\/wp-json\/wp\/v2\/types\/page"}],"author":[{"embeddable":true,"href":"https:\/\/www.barbara-loth.de\/es\/wp-json\/wp\/v2\/users\/2"}],"replies":[{"embeddable":true,"href":"https:\/\/www.barbara-loth.de\/es\/wp-json\/wp\/v2\/comments?post=2985"}],"version-history":[{"count":1,"href":"https:\/\/www.barbara-loth.de\/es\/wp-json\/wp\/v2\/pages\/2985\/revisions"}],"predecessor-version":[{"id":3140,"href":"https:\/\/www.barbara-loth.de\/es\/wp-json\/wp\/v2\/pages\/2985\/revisions\/3140"}],"wp:attachment":[{"href":"https:\/\/www.barbara-loth.de\/es\/wp-json\/wp\/v2\/media?parent=2985"}],"curies":[{"name":"wp","href":"https:\/\/api.w.org\/{rel}","templated":true}]}}