{"id":2986,"date":"2015-09-04T13:07:07","date_gmt":"2015-09-04T11:07:07","guid":{"rendered":"https:\/\/www.barbara-loth.de\/abogado-derecho-laboral-berlin\/"},"modified":"2024-05-23T19:45:14","modified_gmt":"2024-05-23T17:45:14","slug":"abogado-derecho-laboral-berlin","status":"publish","type":"page","link":"https:\/\/www.barbara-loth.de\/es\/","title":{"rendered":"Abogado derecho laboral Berl\u00edn"},"content":{"rendered":"<p><section id=\"bt_section69f626cfb31d7\" data-parallax=\"0.1\" data-parallax-offset=\"-50\" class=\"boldSection topExtraSpaced bottomLargeSpaced btDarkSkin gutter fullScreenHeight btBottomVertical btParallax wBackground cover btBackgroundOverlay btStripedDark\" style=\"background-image:url('https:\/\/www.barbara-loth.de\/wp-content\/uploads\/2018\/07\/Anwalt-Arbeitsrecht-Berlin-Loth-Portrait-Dach2-1.jpg');\"><div class=\"port\"><div class=\"boldCell\"><div class=\"boldCellInner\"><div class=\"boldRow \" ><div class=\"boldRowInner\"><div class=\"rowItem col-md-12 col-ms-12  btTextLeft inherit\"  data-width=\"12\"><div class=\"rowItemContent\" ><div class=\"btClear btSeparator topExtraSpaced bottomSemiSpaced noBorder\" ><hr><\/div><div class=\"btClear btSeparator topExtraSpaced bottomSemiSpaced noBorder\" ><hr><\/div><header class=\"header btClear medium btDash bottomDash\" ><div class=\"dash\"><h3><span class=\"headline\">Barbara <b class=\"animate\">Loth.<\/b> Abogada. Ex jueza del tribunal laboral.<\/span><\/h3><\/div><div class=\"btSubTitle\">Derecho laboral para trabajadores, empresarios, comit\u00e9s de empresa y directivos<\/div><\/header><\/div><\/div><\/div><\/div><\/div><\/div><\/div><\/section><section id=\"anwalt-arbeitsrecht\"  class=\"boldSection topLargeSpaced bottomSpaced gutter inherit\" ><div class=\"port\"><div class=\"boldCell\"><div class=\"boldCellInner\"><div class=\"boldRow \" ><div class=\"boldRowInner\"><div class=\"rowItem col-md-6 col-sm-12 btTextLeft inherit\"  data-width=\"6\"><div class=\"rowItemContent\" ><header class=\"header btClear extralarge btDash bottomDash\" ><div class=\"dash\"><div class=\"btSuperTitle\"><span>Corto, concreto, preciso.<\/span><\/div><h1><span class=\"headline\">\u00bfBusca un abogado para <b class=\"animate\">Derecho laboral<\/b> en Berl\u00edn?<\/span><\/h1><\/div><div class=\"btSubTitle\"> Como abogado, apoyo a trabajadores, comit\u00e9s de empresa, empresas y directivos con mis amplios conocimientos y representaci\u00f3n en Derecho laboral.<\/div><\/header><div class=\"btClear btSeparator topSemiSpaced noBorder\" ><hr><\/div><\/div><\/div><div class=\"rowItem col-md-3 col-sm-6 col-ms-12 btTextLeft animate animate-fadein inherit\"  data-width=\"3\"><div class=\"rowItemContent\" ><div class=\"btClear btSeparator topSmallSpaced bottomSemiSpaced noBorder hidden-xs hidden-ms hidden-sm\" ><hr><\/div><header class=\"header btClear medium btDash bottomDash\" ><div class=\"dash\"><div class=\"btSuperTitle\"><span>Estructura y <\/span><\/div><h3><span class=\"headline\">Fiabilidad<\/span><\/h3><\/div><div class=\"btSubTitle\">Necesitas estructura y fiabilidad. S\u00f3lo entonces se desarrollar\u00e1 la confianza. El Derecho laboral es mi experiencia, mi especialidad y mi pasi\u00f3n.<\/div><\/header><div class=\"btClear btSeparator topExtraSmallSpaced noBorder\" ><hr><\/div><a href=\"https:\/\/www.barbara-loth.de\/es\/expertise\/\" class=\"btBtn btBtn btnOutlineStyle btnAccentColor btnSmall btnNormalWidth hidden-xs btnRightPosition btnNoIcon\" ><span class=\"btnInnerText\">M\u00e1s informaci\u00f3n&#8230;<\/span><\/a><div class=\"btClear btSeparator topSemiSpaced noBorder\" ><hr><\/div><\/div><\/div><div class=\"rowItem col-md-3 col-sm-6 col-ms-12 btTextLeft animate animate-fadein inherit\"  data-width=\"3\"><div class=\"rowItemContent\" ><div class=\"btClear btSeparator topSmallSpaced bottomSemiSpaced noBorder hidden-xs hidden-ms hidden-sm\" ><hr><\/div><header class=\"header btClear medium btDash bottomDash\" ><div class=\"dash\"><div class=\"btSuperTitle\"><span>Vida y<\/span><\/div><h3><span class=\"headline\">Satisfacci\u00f3n<\/span><\/h3><\/div><div class=\"btSubTitle\">Vida y satisfacci\u00f3n<\/div><\/header><div class=\"btClear btSeparator topExtraSmallSpaced noBorder\" ><hr><\/div><a href=\"https:\/\/www.barbara-loth.de\/es\/expertise\/\" class=\"btBtn btBtn btnOutlineStyle btnAccentColor btnSmall btnNormalWidth hidden-xs btnRightPosition btnNoIcon\" ><span class=\"btnInnerText\">M\u00e1s informaci\u00f3n&#8230;<\/span><\/a><div class=\"btClear btSeparator topSemiSpaced noBorder\" ><hr><\/div><\/div><\/div><\/div><\/div><div class=\"boldRow \" ><div class=\"boldRowInner\"><div class=\"rowItem col-md-6 col-sm-12 btTextLeft animate animate-fadein inherit\"  data-width=\"6\"><div class=\"rowItemContent\" ><\/div><\/div><div class=\"rowItem col-md-3 col-sm-6 col-ms-12 btTextLeft animate animate-fadein inherit\"  data-width=\"3\"><div class=\"rowItemContent\" ><header class=\"header btClear medium btDash bottomDash\" ><div class=\"dash\"><div class=\"btSuperTitle\"><span>Valor a\u00f1adido<\/span><\/div><h3><span class=\"headline\">Mensurable<\/span><\/h3><\/div><div class=\"btSubTitle\">Encontrar\u00e9 para usted estrategias \u00f3ptimas y sofisticadas, las implementar\u00e9 en procesos y las pondr\u00e9 en pr\u00e1ctica. El objetivo es un valor a\u00f1adido cuantificable.<\/div><\/header><div class=\"btClear btSeparator topExtraSmallSpaced noBorder\" ><hr><\/div><a href=\"https:\/\/www.barbara-loth.de\/es\/expertise\/\" class=\"btBtn btBtn btnOutlineStyle btnAccentColor btnSmall btnNormalWidth hidden-xs btnRightPosition btnNoIcon\" ><span class=\"btnInnerText\">M\u00e1s informaci\u00f3n&#8230;<\/span><\/a><div class=\"btClear btSeparator topSemiSpaced noBorder\" ><hr><\/div><\/div><\/div><div class=\"rowItem col-md-3 col-sm-6 col-ms-12 btTextLeft animate animate-fadein inherit\"  data-width=\"3\"><div class=\"rowItemContent\" ><header class=\"header btClear medium btDash bottomDash\" ><div class=\"dash\"><div class=\"btSuperTitle\"><span>El lenguaje de la<\/span><\/div><h3><span class=\"headline\">Diplomacia<\/span><\/h3><\/div><div class=\"btSubTitle\">La jurisprudencia es un lenguaje diplom\u00e1tico. Por eso re\u00fano a empresarios y empleados.<\/div><\/header><div class=\"btClear btSeparator topExtraSmallSpaced noBorder\" ><hr><\/div><a href=\"https:\/\/www.barbara-loth.de\/es\/expertise\/\" class=\"btBtn btBtn btnOutlineStyle btnAccentColor btnSmall btnNormalWidth hidden-xs btnRightPosition btnNoIcon\" ><span class=\"btnInnerText\">M\u00e1s informaci\u00f3n&#8230;<\/span><\/a><div class=\"btClear btSeparator topSemiSpaced noBorder\" ><hr><\/div><\/div><\/div><\/div><\/div><\/div><\/div><\/div><\/section><section id=\"bauchgefuehl\"  class=\"boldSection topLargeSpaced bottomSpaced btDarkSkin gutter inherit wBackground cover btBackgroundOverlay btSolidDarkBackground\" style=\"background-image:url('https:\/\/www.barbara-loth.de\/wp-content\/uploads\/2018\/07\/Anwalt-Arbeitsrecht-Berlin-Loth-bunte-Kacheln.jpg');\"><div class=\"port\"><div class=\"boldCell\"><div class=\"boldCellInner\"><div class=\"boldRow \" ><div class=\"boldRowInner\"><div class=\"rowItem col-md-8 col-ms-12 btTextLeft inherit\"  data-width=\"8\"><div class=\"rowItemContent\" ><header class=\"header btClear extralarge btDash bottomDash\" ><div class=\"dash\"><div class=\"btSuperTitle\"><span>No se precipite.<\/span><\/div><h1><span class=\"headline\"> <b class=\"animate\">Sensaci\u00f3n de barriga<\/b> primero<\/span><\/h1><\/div><div class=\"btSubTitle\">\u00bfC\u00f3mo define un abogado su experiencia en Derecho laboral? \u00bfUna lista de casos de \u00e9xito? \u00bfComentarios de cientos de clientes? \u00bfMencionando grandes nombres y peque\u00f1os premios? <\/div><\/header><div class=\"btClear btSeparator topSemiSpaced bottomSmallSpaced noBorder\" ><hr><\/div><\/div><\/div><div class=\"rowItem col-md-4 col-ms-12 btTextCenter animate animate-fadein inherit\"  data-width=\"4\"><div class=\"rowItemContent\" ><\/div><\/div><\/div><\/div><div class=\"boldRow \" ><div class=\"boldRowInner\"><div class=\"rowItem col-md-4 col-ms-12 btTextLeft animate animate-fadein inherit\"  data-width=\"4\"><div class=\"rowItemContent\" ><div class=\"servicesItem  btIcoAccentColorIcon btIcoBigSizeIcon \"><div class=\"sIcon\"><span class=\"btIco btIcoBigSize btIcoDefaultType btIcoAccentColor\"><span  data-ico-s7=\"&#xe638;\" class=\"btIcoHolder\"><\/span><\/span><\/div><div class=\"sTxt\"><header class=\"header btClear small\" ><div class=\"dash\"><h4><span class=\"headline\">01. Ir al grano<\/span><\/h4><\/div><\/header><p>Quieren anuncios claros, explicaciones comprensibles y mensajes estructurados. Y, sobre todo, alguien que les defienda de verdad. \u00bfVerdad?<\/p><\/div><\/div><div class=\"btClear btSeparator bottomSemiSpaced noBorder\" ><hr><\/div><\/div><\/div><div class=\"rowItem col-md-4 col-ms-12 btTextLeft animate animate-fadein inherit\"  data-width=\"4\"><div class=\"rowItemContent\" ><div class=\"servicesItem  btIcoAccentColorIcon btIcoBigSizeIcon \"><div class=\"sIcon\"><span class=\"btIco btIcoBigSize btIcoDefaultType btIcoAccentColor\"><span  data-ico-s7=\"&#xe6c6;\" class=\"btIcoHolder\"><\/span><\/span><\/div><div class=\"sTxt\"><header class=\"header btClear small\" ><div class=\"dash\"><h4><span class=\"headline\">02. Escucha a tu instinto<\/span><\/h4><\/div><\/header><p>Es el instinto el que dice \u00abs\u00ed\u00ab primero. O \u00abno\u00ab. Incluso cuando se busca un abogado.<\/p><\/div><\/div><div class=\"btClear btSeparator bottomSemiSpaced noBorder\" ><hr><\/div><\/div><\/div><div class=\"rowItem col-md-4 col-ms-12 btTextLeft animate animate-fadein inherit\"  data-width=\"4\"><div class=\"rowItemContent\" ><div class=\"servicesItem  btIcoAccentColorIcon btIcoBigSizeIcon \"><div class=\"sIcon\"><span class=\"btIco btIcoBigSize btIcoDefaultType btIcoAccentColor\"><span  data-ico-s7=\"&#xe658;\" class=\"btIcoHolder\"><\/span><\/span><\/div><div class=\"sTxt\"><header class=\"header btClear small\" ><div class=\"dash\"><h4><span class=\"headline\">03. Preste atenci\u00f3n a las diferencias<\/span><\/h4><\/div><\/header><p>El gran reto para nosotros, los abogados, es transmitir nuestro car\u00e1cter distintivo. \u00bfEn qu\u00e9 me diferencio de los dem\u00e1s abogados? <\/p><\/div><\/div><div class=\"btClear btSeparator bottomSemiSpaced noBorder\" ><hr><\/div><\/div><\/div><\/div><\/div><\/div><\/div><\/div><\/section><section id=\"erfahrung\"  class=\"boldSection topLargeSpaced bottomLargeSpaced gutter inherit\" style=\"background-color:#f3f3f3;\"><div class=\"port\"><div class=\"boldCell\"><div class=\"boldCellInner\"><div class=\"boldRow \" ><div class=\"boldRowInner\"><div class=\"rowItem col-md-6 col-sm-12 btTextCenter animate animate-fadein inherit\"  data-width=\"6\"><div class=\"rowItemContent\" ><div class=\"bpgPhoto \" ><div class = \"btImage\"><img decoding=\"async\" src=\"https:\/\/www.barbara-loth.de\/wp-content\/uploads\/2018\/06\/Anwalt-Arbeitsrecht-Berlin.png\" alt=\"https:\/\/www.barbara-loth.de\/wp-content\/uploads\/2018\/06\/Anwalt-Arbeitsrecht-Berlin.png\" ><\/div><\/div><div class=\"btClear btSeparator topSmallSpaced bottomSmallSpaced noBorder\" ><hr><\/div><div class=\"boldRow \" ><div class=\"boldRowInner\"><div class=\"rowItem rowInnerItem col-ms-6  btTextLeft inherit animate animate-fadein\"  ><div class=\"rowItemContent\"><div class=\"servicesItem  btIcoAccentColorIcon btIcoMediumSizeIcon \"><div class=\"sIcon\"><span class=\"btIco btIcoMediumSize btIcoFilledType btIcoAccentColor\"><span  data-ico-s7=\"&#xe60d;\" class=\"btIcoHolder\"><\/span><\/span><\/div><div class=\"sTxt\"><header class=\"header btClear small\" ><div class=\"dash\"><h4><span class=\"headline\">Consultor\u00eda de personal<\/span><\/h4><\/div><\/header><p>En colaboraci\u00f3n con el proveedor de servicios de personal Elnet Group, puedo ayudarle a encontrar un trabajo mejor o a encontrar un empleado adecuado. <\/p><\/div><\/div><div class=\"btClear btSeparator bottomSmallSpaced noBorder\" ><hr><\/div><\/div><\/div><div class=\"rowItem rowInnerItem col-ms-6  btTextLeft inherit animate animate-fadein\"  ><div class=\"rowItemContent\"><div class=\"servicesItem  btIcoAccentColorIcon btIcoMediumSizeIcon \"><div class=\"sIcon\"><span class=\"btIco btIcoMediumSize btIcoFilledType btIcoAccentColor\"><span  data-ico-fa=\"&#xf0c0;\" class=\"btIcoHolder\"><\/span><\/span><\/div><div class=\"sTxt\"><header class=\"header btClear small\" ><div class=\"dash\"><h4><span class=\"headline\">Networker<\/span><\/h4><\/div><\/header><p>Muchos problemas no pueden resolverse legalmente en solitario. A veces, el consejo de otras personas es mucho m\u00e1s \u00fatil. He descubierto que el contacto y el di\u00e1logo con muchas personas con una amplia experiencia profesional, voluntaria o privada es muy valioso. Por eso participo en varias redes. <\/p><\/div><\/div><div class=\"btClear btSeparator bottomSmallSpaced noBorder\" ><hr><\/div><\/div><\/div><\/div><\/div><div class=\"boldRow \" ><div class=\"boldRowInner\"><\/div><\/div><\/div><\/div><div class=\"rowItem col-md-6 col-sm-12 btTextLeft inherit\"  data-width=\"6\"><div class=\"rowItemContent\" ><header class=\"header btClear extralarge btDash bottomDash\" ><div class=\"dash\"><div class=\"btSuperTitle\"><span>Concreto. Preciso.<\/span><\/div><h1><span class=\"headline\"> <b class=\"animate\"> Pasi\u00f3n.<\/b> <\/span><\/h1><\/div><div class=\"btSubTitle\">Perm\u00edtame ir directamente al grano: Soy abogado especializado en Derecho laboral en Berl\u00edn. Pero basta de hablar de m\u00ed. \u00bfQu\u00e9 puedo hacer por usted? <\/div><\/header><div class=\"btClear btSeparator topSemiSpaced bottomSmallSpaced noBorder\" ><hr><\/div><div class=\"boldRow \" ><div class=\"boldRowInner\"><div class=\"rowItem rowInnerItem col-ms-6  btTextLeft inherit animate animate-fadein\"  ><div class=\"rowItemContent\"><div class=\"servicesItem  btIcoAccentColorIcon btIcoMediumSizeIcon \"><div class=\"sIcon\"><span class=\"btIco btIcoMediumSize btIcoFilledType btIcoAccentColor\"><span  data-ico-s7=\"&#xe622;\" class=\"btIcoHolder\"><\/span><\/span><\/div><div class=\"sTxt\"><header class=\"header btClear small\" ><div class=\"dash\"><h4><span class=\"headline\">Juez laboral<\/span><\/h4><\/div><\/header><p>Trabaj\u00e9 muchos a\u00f1os como juez laboral en Berl\u00edn. Durante ese tiempo, conoc\u00ed y resolv\u00ed diversos conflictos jur\u00eddicos en el lugar de trabajo. No solo conozco la perspectiva de empleados y empresarios, sino tambi\u00e9n la de los jueces laborales.<\/p><\/div><\/div><div class=\"btClear btSeparator bottomSmallSpaced noBorder\" ><hr><\/div><\/div><\/div><div class=\"rowItem rowInnerItem col-ms-6  btTextLeft inherit animate animate-fadein\"  ><div class=\"rowItemContent\"><div class=\"servicesItem  btIcoAccentColorIcon btIcoMediumSizeIcon \"><div class=\"sIcon\"><span class=\"btIco btIcoMediumSize btIcoFilledType btIcoAccentColor\"><span  data-ico-s7=\"&#xe643;\" class=\"btIcoHolder\"><\/span><\/span><\/div><div class=\"sTxt\"><header class=\"header btClear small\" ><div class=\"dash\"><h4><span class=\"headline\">Formaci\u00f3n de comit\u00e9s de empresa<\/span><\/h4><\/div><\/header><p>He formado a comit\u00e9s de empresa de toda Alemania en derecho laboral individual y derecho de constituci\u00f3n de empresas. Al hacerlo, me he familiarizado con la situaci\u00f3n de los comit\u00e9s de empresa en peque\u00f1as y grandes empresas.<\/p><\/div><\/div><div class=\"btClear btSeparator bottomSmallSpaced noBorder\" ><hr><\/div><\/div><\/div><\/div><\/div><div class=\"btClear btSeparator bottomSmallSpaced noBorder\" ><hr><\/div><div class=\"boldRow \" ><div class=\"boldRowInner\"><div class=\"rowItem rowInnerItem col-ms-6  btTextLeft inherit animate animate-fadein\"  ><div class=\"rowItemContent\"><div class=\"servicesItem  btIcoAccentColorIcon btIcoMediumSizeIcon \"><div class=\"sIcon\"><span class=\"btIco btIcoMediumSize btIcoFilledType btIcoAccentColor\"><span  data-ico-fa=\"&#xf0f7;\" class=\"btIcoHolder\"><\/span><\/span><\/div><div class=\"sTxt\"><header class=\"header btClear small\" ><div class=\"dash\"><h4><span class=\"headline\">Secretario de Estado<\/span><\/h4><\/div><\/header><p>Eficaz y eficiente: convertir una idea en un trabajo. Gracias a mi trabajo en la administraci\u00f3n berlinesa como concejal y secretario de estado, he adquirido una experiencia probada y elocuente en la gesti\u00f3n de empleados, pero tambi\u00e9n en la creaci\u00f3n de un concepto de desarrollo de personal. <\/p><\/div><\/div><div class=\"btClear btSeparator bottomSmallSpaced noBorder\" ><hr><\/div><\/div><\/div><div class=\"rowItem rowInnerItem col-ms-6  btTextLeft inherit animate animate-fadein\"  ><div class=\"rowItemContent\"><div class=\"servicesItem  btIcoAccentColorIcon btIcoMediumSizeIcon \"><div class=\"sIcon\"><span class=\"btIco btIcoMediumSize btIcoFilledType btIcoAccentColor\"><span  data-ico-fa=\"&#xf015;\" class=\"btIcoHolder\"><\/span><\/span><\/div><div class=\"sTxt\"><header class=\"header btClear small\" ><div class=\"dash\"><h4><span class=\"headline\">Agencia de colocaci\u00f3n<\/span><\/h4><\/div><\/header><p>He sido miembro activo de los consejos de supervisi\u00f3n de una oficina de empleo, de una agencia de colocaci\u00f3n y de la Agencia Federal de Empleo, y conozco las condiciones necesarias para recibir su apoyo.<\/p><\/div><\/div><div class=\"btClear btSeparator bottomSmallSpaced noBorder\" ><hr><\/div><\/div><\/div><\/div><\/div><\/div><\/div><\/div><\/div><\/div><\/div><\/div><\/section><section id=\"bauchgefuehl\"  class=\"boldSection topLargeSpaced bottomSpaced btDarkSkin gutter inherit wBackground cover btBackgroundOverlay btSolidDarkBackground video\" style=\"background-image:url('https:\/\/www.barbara-loth.de\/wp-content\/uploads\/2018\/07\/Anwalt-Arbeitsrecht-Berlin-Loth-Flipchart_klein.jpg');\"><video autoplay loop muted onplay=\"bt_video_callback( this )\"><source src=\"https:\/\/www.youtube.com\/watch?v=G6dfOz_RolE\" type=\"video\/webm\"><\/video><div class=\"port\"><div class=\"boldCell\"><div class=\"boldCellInner\"><div class=\"boldRow \" ><div class=\"boldRowInner\"><div class=\"rowItem col-md-8 col-ms-12 btTextLeft inherit\"  data-width=\"8\"><div class=\"rowItemContent\" ><header class=\"header btClear extralarge btDash bottomDash\" ><div class=\"dash\"><div class=\"btSuperTitle\"><span>Redes y miembros<\/span><\/div><h1><span class=\"headline\"> <b class=\"animate\"> Redes <\/b> y otras actividades<\/span><\/h1><\/div><\/header><div class=\"btClear btSeparator topSemiSpaced bottomSmallSpaced noBorder\" ><hr><\/div><\/div><\/div><div class=\"rowItem col-md-4 col-ms-12 btTextCenter animate animate-fadein inherit\"  data-width=\"4\"><div class=\"rowItemContent\" ><\/div><\/div><\/div><\/div><div class=\"boldRow \" ><div class=\"boldRowInner\"><div class=\"rowItem col-md-6 col-sm-12 btTextLeft animate animate-fadein inherit\"  data-width=\"6\"><div class=\"rowItemContent\" ><div class=\"servicesItem  btIcoAccentColorIcon btIcoMediumSizeIcon \"><div class=\"sIcon\"><span class=\"btIco btIcoMediumSize btIcoDefaultType btIcoAccentColor\"><span  data-ico-fa=\"&#xf085;\" class=\"btIcoHolder\"><\/span><\/span><\/div><div class=\"sTxt\"><header class=\"header btClear small\" ><div class=\"dash\"><h4><span class=\"headline\">Econom\u00eda<\/span><\/h4><\/div><\/header><p>Foro Econ\u00f3mico Comit\u00e9 de Expertos en Econom\u00eda, Trabajo y Tecnolog\u00eda Asociaci\u00f3n Federal de la Peque\u00f1a y Mediana Empresa <\/p><\/div><\/div><div class=\"btClear btSeparator bottomSemiSpaced noBorder\" ><hr><\/div><\/div><\/div><div class=\"rowItem col-md-6 col-sm-12 btTextLeft animate animate-fadein inherit\"  data-width=\"6\"><div class=\"rowItemContent\" ><div class=\"servicesItem  btIcoAccentColorIcon btIcoMediumSizeIcon \"><div class=\"sIcon\"><span class=\"btIco btIcoMediumSize btIcoDefaultType btIcoAccentColor\"><span  data-ico-fa=\"&#xf24e;\" class=\"btIcoHolder\"><\/span><\/span><\/div><div class=\"sTxt\"><header class=\"header btClear small\" ><div class=\"dash\"><h4><span class=\"headline\">Ley<\/span><\/h4><\/div><\/header><p>Deutscher Arbeitsgerichtsverband Berliner Freundes- und F\u00f6rderkreis Arbeitsrecht &#8211; Gestern-Heute-Morgen Deutscher Juristinnenbund <\/p><\/div><\/div><div class=\"btClear btSeparator bottomSemiSpaced noBorder\" ><hr><\/div><\/div><\/div><\/div><\/div><div class=\"boldRow \" ><div class=\"boldRowInner\"><div class=\"rowItem col-md-6 col-sm-12 btTextLeft animate animate-fadein inherit\"  data-width=\"6\"><div class=\"rowItemContent\" ><div class=\"servicesItem  btIcoAccentColorIcon btIcoMediumSizeIcon \"><div class=\"sIcon\"><span class=\"btIco btIcoMediumSize btIcoDefaultType btIcoAccentColor\"><span  data-ico-fa=\"&#xf2d9;\" class=\"btIcoHolder\"><\/span><\/span><\/div><div class=\"sTxt\"><header class=\"header btClear small\" ><div class=\"dash\"><h4><span class=\"headline\">Pol\u00edtica<\/span><\/h4><\/div><\/header><p>Partido Socialdem\u00f3crata de Alemania Comunidad Socialdem\u00f3crata para la Pol\u00edtica Local &#8211; SGK <\/p><\/div><\/div><div class=\"btClear btSeparator bottomSemiSpaced noBorder\" ><hr><\/div><\/div><\/div><div class=\"rowItem col-md-6 col-sm-12 btTextLeft\"  data-width=\"6\"><div class=\"rowItemContent\" ><div class=\"servicesItem  btIcoAccentColorIcon btIcoMediumSizeIcon \"><div class=\"sIcon\"><span class=\"btIco btIcoMediumSize btIcoDefaultType btIcoAccentColor\"><span  data-ico-fa=\"&#xf21d;\" class=\"btIcoHolder\"><\/span><\/span><\/div><div class=\"sTxt\"><header class=\"header btClear small\" ><div class=\"dash\"><h4><span class=\"headline\">Sociedad y cultura<\/span><\/h4><\/div><\/header><p>Vereinte Dienstleistungsgewerkschaft ver.di Arbeiterwohlfahrt &#8211; AWO Diakonie-Hospiz Wannsee Max-Liebermann-Gesellschaft Berlin e.V. <\/p><\/div><\/div><div class=\"btClear btSeparator bottomSemiSpaced noBorder\" ><hr><\/div><\/div><\/div><\/div><\/div><\/div><\/div><\/div><\/section><section id=\"bt_section69f626cfb6996\" data-parallax=\"0.1\" data-parallax-offset=\"0\" class=\"boldSection btDivider topSemiSpaced bottomSemiSpaced btDarkSkin gutter inherit btParallax\" ><div class=\"port\"><div class=\"boldCell\"><div class=\"boldCellInner\"><div class=\"boldRow \" ><div class=\"boldRowInner\"><div class=\"rowItem col-md-12 col-ms-12  btTextCenter animate animate-fadein inherit\"  data-width=\"12\"><div class=\"rowItemContent\" ><header class=\"header btClear large\" style=\"margin-bottom: 0;\"><div class=\"dash\"><div class=\"btSuperTitle\"><span>\u00bfSUENA INTERESANTE?<\/span><\/div><h2><span class=\"headline\">Echa un vistazo a mi <b class=\"animate\">experiencia<\/b> <\/span><\/h2><\/div><\/header><div class=\"btClear btSeparator topSemiSpaced noBorder\" ><hr><\/div><div class=\"btClear btSeparator topExtraSmallSpaced bottomExtraSmallSpaced noBorder\" ><hr><\/div><\/div><\/div><\/div><\/div><div class=\"boldRow \" ><div class=\"boldRowInner\"><div class=\"rowItem col-md-12 col-ms-12  btTextCenter animate animate-fadein inherit\"  data-width=\"12\"><div class=\"rowItemContent\" ><a href=\"https:\/\/www.barbara-loth.de\/es\/experiencia\/\" class=\"btBtn btBtn btnOutlineStyle btnAccentColor btnMedium btnNormalWidth btRaisedBtn btnLeftPosition btnIco\" ><span class=\"btnInnerText\">MI EXPERIENCIA EN DERECHO LABORAL<\/span><span class=\"btIco \"><span  data-ico-fa=\"&#xf24e;\" class=\"btIcoHolder\"><\/span><\/span><\/a><div class=\"btClear btSeparator topExtraSmallSpaced bottomExtraSmallSpaced noBorder\" ><hr><\/div><\/div><\/div><\/div><\/div><\/div><\/div><\/div><\/section><\/p>\n","protected":false},"excerpt":{"rendered":"","protected":false},"author":2,"featured_media":2931,"parent":0,"menu_order":0,"comment_status":"closed","ping_status":"closed","template":"","meta":{"footnotes":""},"class_list":["post-2986","page","type-page","status-publish","has-post-thumbnail","hentry"],"_links":{"self":[{"href":"https:\/\/www.barbara-loth.de\/es\/wp-json\/wp\/v2\/pages\/2986","targetHints":{"allow":["GET"]}}],"collection":[{"href":"https:\/\/www.barbara-loth.de\/es\/wp-json\/wp\/v2\/pages"}],"about":[{"href":"https:\/\/www.barbara-loth.de\/es\/wp-json\/wp\/v2\/types\/page"}],"author":[{"embeddable":true,"href":"https:\/\/www.barbara-loth.de\/es\/wp-json\/wp\/v2\/users\/2"}],"replies":[{"embeddable":true,"href":"https:\/\/www.barbara-loth.de\/es\/wp-json\/wp\/v2\/comments?post=2986"}],"version-history":[{"count":4,"href":"https:\/\/www.barbara-loth.de\/es\/wp-json\/wp\/v2\/pages\/2986\/revisions"}],"predecessor-version":[{"id":3175,"href":"https:\/\/www.barbara-loth.de\/es\/wp-json\/wp\/v2\/pages\/2986\/revisions\/3175"}],"wp:featuredmedia":[{"embeddable":true,"href":"https:\/\/www.barbara-loth.de\/es\/wp-json\/wp\/v2\/media\/2931"}],"wp:attachment":[{"href":"https:\/\/www.barbara-loth.de\/es\/wp-json\/wp\/v2\/media?parent=2986"}],"curies":[{"name":"wp","href":"https:\/\/api.w.org\/{rel}","templated":true}]}}