{"id":2989,"date":"2015-09-04T13:07:07","date_gmt":"2015-09-04T11:07:07","guid":{"rendered":"https:\/\/www.barbara-loth.de\/avocat-droit-du-travail-berlin\/"},"modified":"2024-05-23T19:44:06","modified_gmt":"2024-05-23T17:44:06","slug":"avocat-droit-du-travail-berlin","status":"publish","type":"page","link":"https:\/\/www.barbara-loth.de\/fr\/","title":{"rendered":"Avocat droit du travail Berlin"},"content":{"rendered":"<p><section id=\"bt_section69dcfbae712d5\" data-parallax=\"0.1\" data-parallax-offset=\"-50\" class=\"boldSection topExtraSpaced bottomLargeSpaced btDarkSkin gutter fullScreenHeight btBottomVertical btParallax wBackground cover btBackgroundOverlay btStripedDark\" style=\"background-image:url('https:\/\/www.barbara-loth.de\/wp-content\/uploads\/2018\/07\/Anwalt-Arbeitsrecht-Berlin-Loth-Portrait-Dach2-1.jpg');\"><div class=\"port\"><div class=\"boldCell\"><div class=\"boldCellInner\"><div class=\"boldRow \" ><div class=\"boldRowInner\"><div class=\"rowItem col-md-12 col-ms-12  btTextLeft inherit\"  data-width=\"12\"><div class=\"rowItemContent\" ><div class=\"btClear btSeparator topExtraSpaced bottomSemiSpaced noBorder\" ><hr><\/div><div class=\"btClear btSeparator topExtraSpaced bottomSemiSpaced noBorder\" ><hr><\/div><header class=\"header btClear medium btDash bottomDash\" ><div class=\"dash\"><h3><span class=\"headline\">Barbara <b class=\"animate\">Loth.<\/b> Avocate. Juge au tribunal du travail \u00e0 la retraite.<\/span><\/h3><\/div><div class=\"btSubTitle\">Droit du travail pour les salari\u00e9s, les employeurs, les comit\u00e9s d&rsquo;entreprise et les cadres dirigeants<\/div><\/header><\/div><\/div><\/div><\/div><\/div><\/div><\/div><\/section><section id=\"anwalt-arbeitsrecht\"  class=\"boldSection topLargeSpaced bottomSpaced gutter inherit\" ><div class=\"port\"><div class=\"boldCell\"><div class=\"boldCellInner\"><div class=\"boldRow \" ><div class=\"boldRowInner\"><div class=\"rowItem col-md-6 col-sm-12 btTextLeft inherit\"  data-width=\"6\"><div class=\"rowItemContent\" ><header class=\"header btClear extralarge btDash bottomDash\" ><div class=\"dash\"><div class=\"btSuperTitle\"><span>Kurz, konkret, pr\u00e4zise.<\/span><\/div><h1><span class=\"headline\">Vous cherchez un avocat en <b class=\"animate\">droit du travail<\/b> \u00e0 Berlin ?<\/span><\/h1><\/div><div class=\"btSubTitle\">En tant qu&rsquo;avocate, j&rsquo;accompagne les salari\u00e9s, les comit\u00e9s d&rsquo;entreprise, les entreprises et les cadres gr\u00e2ce \u00e0 ma vaste expertise et repr\u00e9sentation en droit du travail.<\/div><\/header><div class=\"btClear btSeparator topSemiSpaced noBorder\" ><hr><\/div><\/div><\/div><div class=\"rowItem col-md-3 col-sm-6 col-ms-12 btTextLeft animate animate-fadein inherit\"  data-width=\"3\"><div class=\"rowItemContent\" ><div class=\"btClear btSeparator topSmallSpaced bottomSemiSpaced noBorder hidden-xs hidden-ms hidden-sm\" ><hr><\/div><header class=\"header btClear medium btDash bottomDash\" ><div class=\"dash\"><div class=\"btSuperTitle\"><span>Structure &amp;<\/span><\/div><h3><span class=\"headline\">Fiabilit\u00e9<\/span><\/h3><\/div><div class=\"btSubTitle\">Ils ont besoin de structure et de fiabilit\u00e9. C&rsquo;est la seule fa\u00e7on d&rsquo;instaurer la confiance. Le droit du travail est pour moi une comp\u00e9tence, un domaine d&rsquo;expertise et une passion.<\/div><\/header><div class=\"btClear btSeparator topExtraSmallSpaced noBorder\" ><hr><\/div><a href=\"https:\/\/www.barbara-loth.de\/fr\/expertise\/\" class=\"btBtn btBtn btnOutlineStyle btnAccentColor btnSmall btnNormalWidth hidden-xs btnRightPosition btnNoIcon\" ><span class=\"btnInnerText\">En savoir plus&#8230;<\/span><\/a><div class=\"btClear btSeparator topSemiSpaced noBorder\" ><hr><\/div><\/div><\/div><div class=\"rowItem col-md-3 col-sm-6 col-ms-12 btTextLeft animate animate-fadein inherit\"  data-width=\"3\"><div class=\"rowItemContent\" ><div class=\"btClear btSeparator topSmallSpaced bottomSemiSpaced noBorder hidden-xs hidden-ms hidden-sm\" ><hr><\/div><header class=\"header btClear medium btDash bottomDash\" ><div class=\"dash\"><div class=\"btSuperTitle\"><span>Vie et<\/span><\/div><h3><span class=\"headline\">Satisfaction<\/span><\/h3><\/div><div class=\"btSubTitle\">En tant qu&rsquo;avocate ambitieuse et passionn\u00e9e, je sais que les entreprises gagnent \u00e0 avoir des collaborateurs satisfaits. Car le bon emploi est ce qu&rsquo;il y a de plus important dans la vie d&rsquo;une personne.<\/div><\/header><div class=\"btClear btSeparator topExtraSmallSpaced noBorder\" ><hr><\/div><a href=\"https:\/\/www.barbara-loth.de\/fr\/expertise\/\" class=\"btBtn btBtn btnOutlineStyle btnAccentColor btnSmall btnNormalWidth hidden-xs btnRightPosition btnNoIcon\" ><span class=\"btnInnerText\">En savoir plus&#8230;<\/span><\/a><div class=\"btClear btSeparator topSemiSpaced noBorder\" ><hr><\/div><\/div><\/div><\/div><\/div><div class=\"boldRow \" ><div class=\"boldRowInner\"><div class=\"rowItem col-md-6 col-sm-12 btTextLeft animate animate-fadein inherit\"  data-width=\"6\"><div class=\"rowItemContent\" ><\/div><\/div><div class=\"rowItem col-md-3 col-sm-6 col-ms-12 btTextLeft animate animate-fadein inherit\"  data-width=\"3\"><div class=\"rowItemContent\" ><header class=\"header btClear medium btDash bottomDash\" ><div class=\"dash\"><div class=\"btSuperTitle\"><span>Une valeur <\/span><\/div><h3><span class=\"headline\">Ajout\u00e9e mesurable<\/span><\/h3><\/div><div class=\"btSubTitle\">Je trouve pour vous des strat\u00e9gies optimales et sophistiqu\u00e9es, leur mise en \u0153uvre dans les processus et leur application dans la pratique. L&rsquo;objectif est d&rsquo;obtenir une valeur ajout\u00e9e mesurable.<\/div><\/header><div class=\"btClear btSeparator topExtraSmallSpaced noBorder\" ><hr><\/div><a href=\"https:\/\/www.barbara-loth.de\/fr\/expertise\/\" class=\"btBtn btBtn btnOutlineStyle btnAccentColor btnSmall btnNormalWidth hidden-xs btnRightPosition btnNoIcon\" ><span class=\"btnInnerText\">En savoir plus&#8230;<\/span><\/a><div class=\"btClear btSeparator topSemiSpaced noBorder\" ><hr><\/div><\/div><\/div><div class=\"rowItem col-md-3 col-sm-6 col-ms-12 btTextLeft animate animate-fadein inherit\"  data-width=\"3\"><div class=\"rowItemContent\" ><header class=\"header btClear medium btDash bottomDash\" ><div class=\"dash\"><div class=\"btSuperTitle\"><span>Langue de la <\/span><\/div><h3><span class=\"headline\">Diplomatie<\/span><\/h3><\/div><div class=\"btSubTitle\">La jurisprudence est un langage de diplomatie. C&rsquo;est pourquoi, chez moi, employeurs et employ\u00e9s se rencontrent.<\/div><\/header><div class=\"btClear btSeparator topExtraSmallSpaced noBorder\" ><hr><\/div><a href=\"https:\/\/www.barbara-loth.de\/fr\/expertise\/\" class=\"btBtn btBtn btnOutlineStyle btnAccentColor btnSmall btnNormalWidth hidden-xs btnRightPosition btnNoIcon\" ><span class=\"btnInnerText\">En savoir plus&#8230;<\/span><\/a><div class=\"btClear btSeparator topSemiSpaced noBorder\" ><hr><\/div><\/div><\/div><\/div><\/div><\/div><\/div><\/div><\/section><section id=\"bauchgefuehl\"  class=\"boldSection topLargeSpaced bottomSpaced btDarkSkin gutter inherit wBackground cover btBackgroundOverlay btSolidDarkBackground\" style=\"background-image:url('https:\/\/www.barbara-loth.de\/wp-content\/uploads\/2018\/07\/Anwalt-Arbeitsrecht-Berlin-Loth-bunte-Kacheln.jpg');\"><div class=\"port\"><div class=\"boldCell\"><div class=\"boldCellInner\"><div class=\"boldRow \" ><div class=\"boldRowInner\"><div class=\"rowItem col-md-8 col-ms-12 btTextLeft inherit\"  data-width=\"8\"><div class=\"rowItemContent\" ><header class=\"header btClear extralarge btDash bottomDash\" ><div class=\"dash\"><div class=\"btSuperTitle\"><span>Pas de pr\u00e9cipitation, s&rsquo;il vous pla\u00eet !<\/span><\/div><h1><span class=\"headline\"> <b class=\"animate\">La sensation de ventre<\/b> D&rsquo;abord<\/span><\/h1><\/div><div class=\"btSubTitle\">Comment un avocat d\u00e9finit-il son expertise en droit du travail ? Une \u00e9num\u00e9ration de jurisprudences r\u00e9ussies ? Des \u00e9valuations de centaines de clients ? La mention de grands noms et de petits prix ? <\/div><\/header><div class=\"btClear btSeparator topSemiSpaced bottomSmallSpaced noBorder\" ><hr><\/div><\/div><\/div><div class=\"rowItem col-md-4 col-ms-12 btTextCenter animate animate-fadein inherit\"  data-width=\"4\"><div class=\"rowItemContent\" ><\/div><\/div><\/div><\/div><div class=\"boldRow \" ><div class=\"boldRowInner\"><div class=\"rowItem col-md-4 col-ms-12 btTextLeft animate animate-fadein inherit\"  data-width=\"4\"><div class=\"rowItemContent\" ><div class=\"servicesItem  btIcoAccentColorIcon btIcoBigSizeIcon \"><div class=\"sIcon\"><span class=\"btIco btIcoBigSize btIcoDefaultType btIcoAccentColor\"><span  data-ico-s7=\"&#xe638;\" class=\"btIcoHolder\"><\/span><\/span><\/div><div class=\"sTxt\"><header class=\"header btClear small\" ><div class=\"dash\"><h4><span class=\"headline\">01. Aller droit au but<\/span><\/h4><\/div><\/header><p>Ils veulent des annonces claires, des explications compr\u00e9hensibles et des messages structur\u00e9s. Et surtout, quelqu&rsquo;un qui s&rsquo;engage vraiment pour eux. N&rsquo;est-ce pas ?<\/p><\/div><\/div><div class=\"btClear btSeparator bottomSemiSpaced noBorder\" ><hr><\/div><\/div><\/div><div class=\"rowItem col-md-4 col-ms-12 btTextLeft animate animate-fadein inherit\"  data-width=\"4\"><div class=\"rowItemContent\" ><div class=\"servicesItem  btIcoAccentColorIcon btIcoBigSizeIcon \"><div class=\"sIcon\"><span class=\"btIco btIcoBigSize btIcoDefaultType btIcoAccentColor\"><span  data-ico-s7=\"&#xe6c6;\" class=\"btIcoHolder\"><\/span><\/span><\/div><div class=\"sTxt\"><header class=\"header btClear small\" ><div class=\"dash\"><h4><span class=\"headline\">02. \u00c9couter son ventre<\/span><\/h4><\/div><\/header><p>C&rsquo;est le ventre qui dit d&rsquo;abord \u00ab\u00a0oui\u00ab\u00a0. Ou \u00ab\u00a0non\u00ab\u00a0. M\u00eame lorsqu&rsquo;il s&rsquo;agit de trouver une avocate.<\/p><\/div><\/div><div class=\"btClear btSeparator bottomSemiSpaced noBorder\" ><hr><\/div><\/div><\/div><div class=\"rowItem col-md-4 col-ms-12 btTextLeft animate animate-fadein inherit\"  data-width=\"4\"><div class=\"rowItemContent\" ><div class=\"servicesItem  btIcoAccentColorIcon btIcoBigSizeIcon \"><div class=\"sIcon\"><span class=\"btIco btIcoBigSize btIcoDefaultType btIcoAccentColor\"><span  data-ico-s7=\"&#xe658;\" class=\"btIcoHolder\"><\/span><\/span><\/div><div class=\"sTxt\"><header class=\"header btClear small\" ><div class=\"dash\"><h4><span class=\"headline\">03. Faire attention aux diff\u00e9rences<\/span><\/h4><\/div><\/header><p>Le grand d\u00e9fi pour nous, avocats, est de communiquer notre diff\u00e9rence. En quoi suis-je diff\u00e9rent des autres avocats ? <\/p><\/div><\/div><div class=\"btClear btSeparator bottomSemiSpaced noBorder\" ><hr><\/div><\/div><\/div><\/div><\/div><\/div><\/div><\/div><\/section><section id=\"erfahrung\"  class=\"boldSection topLargeSpaced bottomLargeSpaced gutter inherit\" style=\"background-color:#f3f3f3;\"><div class=\"port\"><div class=\"boldCell\"><div class=\"boldCellInner\"><div class=\"boldRow \" ><div class=\"boldRowInner\"><div class=\"rowItem col-md-6 col-sm-12 btTextCenter animate animate-fadein inherit\"  data-width=\"6\"><div class=\"rowItemContent\" ><div class=\"bpgPhoto \" ><div class = \"btImage\"><img decoding=\"async\" src=\"https:\/\/www.barbara-loth.de\/wp-content\/uploads\/2018\/06\/Anwalt-Arbeitsrecht-Berlin.png\" alt=\"https:\/\/www.barbara-loth.de\/wp-content\/uploads\/2018\/06\/Anwalt-Arbeitsrecht-Berlin.png\" ><\/div><\/div><div class=\"btClear btSeparator topSmallSpaced bottomSmallSpaced noBorder\" ><hr><\/div><div class=\"boldRow \" ><div class=\"boldRowInner\"><div class=\"rowItem rowInnerItem col-ms-6  btTextLeft inherit animate animate-fadein\"  ><div class=\"rowItemContent\"><div class=\"servicesItem  btIcoAccentColorIcon btIcoMediumSizeIcon \"><div class=\"sIcon\"><span class=\"btIco btIcoMediumSize btIcoFilledType btIcoAccentColor\"><span  data-ico-s7=\"&#xe60d;\" class=\"btIcoHolder\"><\/span><\/span><\/div><div class=\"sTxt\"><header class=\"header btClear small\" ><div class=\"dash\"><h4><span class=\"headline\">Conseil en ressources humaines<\/span><\/h4><\/div><\/header><p>En collaboration avec l&rsquo;agence de recrutement Elnet Group, je parviens \u00e0 aider les personnes \u00e0 la recherche d&rsquo;un meilleur emploi ou \u00e0 trouver un collaborateur ad\u00e9quat. <\/p><\/div><\/div><div class=\"btClear btSeparator bottomSmallSpaced noBorder\" ><hr><\/div><\/div><\/div><div class=\"rowItem rowInnerItem col-ms-6  btTextLeft inherit animate animate-fadein\"  ><div class=\"rowItemContent\"><div class=\"servicesItem  btIcoAccentColorIcon btIcoMediumSizeIcon \"><div class=\"sIcon\"><span class=\"btIco btIcoMediumSize btIcoFilledType btIcoAccentColor\"><span  data-ico-fa=\"&#xf0c0;\" class=\"btIcoHolder\"><\/span><\/span><\/div><div class=\"sTxt\"><header class=\"header btClear small\" ><div class=\"dash\"><h4><span class=\"headline\">R\u00e9seau<\/span><\/h4><\/div><\/header><p>De nombreux probl\u00e8mes ne peuvent pas \u00eatre r\u00e9solus uniquement sur le plan juridique. Parfois, les conseils d&rsquo;autres personnes sont beaucoup plus utiles. J&rsquo;ai fait l&rsquo;exp\u00e9rience que le contact et le dialogue avec de nombreuses personnes d&rsquo;exp\u00e9riences professionnelles, b\u00e9n\u00e9voles ou priv\u00e9es tr\u00e8s diverses sont tr\u00e8s pr\u00e9cieux. C&rsquo;est pourquoi je m&rsquo;engage dans divers r\u00e9seaux. <\/p><\/div><\/div><div class=\"btClear btSeparator bottomSmallSpaced noBorder\" ><hr><\/div><\/div><\/div><\/div><\/div><div class=\"boldRow \" ><div class=\"boldRowInner\"><\/div><\/div><\/div><\/div><div class=\"rowItem col-md-6 col-sm-12 btTextLeft inherit\"  data-width=\"6\"><div class=\"rowItemContent\" ><header class=\"header btClear extralarge btDash bottomDash\" ><div class=\"dash\"><div class=\"btSuperTitle\"><span>Concret et pr\u00e9cis. Pr\u00e9cis.<\/span><\/div><h1><span class=\"headline\"> <b class=\"animate\"> Passion.<\/b> <\/span><\/h1><\/div><div class=\"btSubTitle\">Permettez-moi d&rsquo;aller droit au but : Je suis avocate, sp\u00e9cialis\u00e9e dans le droit du travail \u00e0 Berlin. Mais assez parl\u00e9 de moi. Que puis-je faire pour vous ? <\/div><\/header><div class=\"btClear btSeparator topSemiSpaced bottomSmallSpaced noBorder\" ><hr><\/div><div class=\"boldRow \" ><div class=\"boldRowInner\"><div class=\"rowItem rowInnerItem col-ms-6  btTextLeft inherit animate animate-fadein\"  ><div class=\"rowItemContent\"><div class=\"servicesItem  btIcoAccentColorIcon btIcoMediumSizeIcon \"><div class=\"sIcon\"><span class=\"btIco btIcoMediumSize btIcoFilledType btIcoAccentColor\"><span  data-ico-s7=\"&#xe622;\" class=\"btIcoHolder\"><\/span><\/span><\/div><div class=\"sTxt\"><header class=\"header btClear small\" ><div class=\"dash\"><h4><span class=\"headline\">Juge du travail<\/span><\/h4><\/div><\/header><p>J&rsquo;ai travaill\u00e9 pendant de nombreuses ann\u00e9es comme juge du travail \u00e0 Berlin. Cela m&rsquo;a permis de conna\u00eetre diff\u00e9rents litiges sur le lieu de travail et de les trancher. Je connais non seulement le point de vue des employ\u00e9s et des entrepreneurs, mais aussi celui des juges du tribunal du travail.<\/p><\/div><\/div><div class=\"btClear btSeparator bottomSmallSpaced noBorder\" ><hr><\/div><\/div><\/div><div class=\"rowItem rowInnerItem col-ms-6  btTextLeft inherit animate animate-fadein\"  ><div class=\"rowItemContent\"><div class=\"servicesItem  btIcoAccentColorIcon btIcoMediumSizeIcon \"><div class=\"sIcon\"><span class=\"btIco btIcoMediumSize btIcoFilledType btIcoAccentColor\"><span  data-ico-s7=\"&#xe643;\" class=\"btIcoHolder\"><\/span><\/span><\/div><div class=\"sTxt\"><header class=\"header btClear small\" ><div class=\"dash\"><h4><span class=\"headline\">Formation du comit\u00e9 d&rsquo;entreprise<\/span><\/h4><\/div><\/header><p>J&rsquo;ai form\u00e9 des comit\u00e9s d&rsquo;entreprise dans toute l&rsquo;Allemagne au droit du travail individuel et au droit constitutionnel de l&rsquo;entreprise. Ce faisant, j&rsquo;ai appris \u00e0 conna\u00eetre la situation des comit\u00e9s d&rsquo;entreprise dans les petites et les grandes entreprises.<\/p><\/div><\/div><div class=\"btClear btSeparator bottomSmallSpaced noBorder\" ><hr><\/div><\/div><\/div><\/div><\/div><div class=\"btClear btSeparator bottomSmallSpaced noBorder\" ><hr><\/div><div class=\"boldRow \" ><div class=\"boldRowInner\"><div class=\"rowItem rowInnerItem col-ms-6  btTextLeft inherit animate animate-fadein\"  ><div class=\"rowItemContent\"><div class=\"servicesItem  btIcoAccentColorIcon btIcoMediumSizeIcon \"><div class=\"sIcon\"><span class=\"btIco btIcoMediumSize btIcoFilledType btIcoAccentColor\"><span  data-ico-fa=\"&#xf0f7;\" class=\"btIcoHolder\"><\/span><\/span><\/div><div class=\"sTxt\"><header class=\"header btClear small\" ><div class=\"dash\"><h4><span class=\"headline\">Secr\u00e9taire d&rsquo;\u00c9tat<\/span><\/h4><\/div><\/header><p>Efficace et efficiente &#8211; Une id\u00e9e devient un emploi. Mon travail dans l&rsquo;administration berlinoise en tant que conseill\u00e8re municipale ou secr\u00e9taire d&rsquo;\u00c9tat m&rsquo;a permis d&rsquo;acqu\u00e9rir une exp\u00e9rience av\u00e9r\u00e9e et \u00e9loquente dans la gestion des collaborateurs, mais aussi dans l&rsquo;\u00e9laboration d&rsquo;un concept de d\u00e9veloppement du personnel. <\/p><\/div><\/div><div class=\"btClear btSeparator bottomSmallSpaced noBorder\" ><hr><\/div><\/div><\/div><div class=\"rowItem rowInnerItem col-ms-6  btTextLeft inherit animate animate-fadein\"  ><div class=\"rowItemContent\"><div class=\"servicesItem  btIcoAccentColorIcon btIcoMediumSizeIcon \"><div class=\"sIcon\"><span class=\"btIco btIcoMediumSize btIcoFilledType btIcoAccentColor\"><span  data-ico-fa=\"&#xf015;\" class=\"btIcoHolder\"><\/span><\/span><\/div><div class=\"sTxt\"><header class=\"header btClear small\" ><div class=\"dash\"><h4><span class=\"headline\">Arbeitsagentur<\/span><\/h4><\/div><\/header><p>Agence pour l&#8217;emploi<\/p><\/div><\/div><div class=\"btClear btSeparator bottomSmallSpaced noBorder\" ><hr><\/div><\/div><\/div><\/div><\/div><\/div><\/div><\/div><\/div><\/div><\/div><\/div><\/section><section id=\"bauchgefuehl\"  class=\"boldSection topLargeSpaced bottomSpaced btDarkSkin gutter inherit wBackground cover btBackgroundOverlay btSolidDarkBackground video\" style=\"background-image:url('https:\/\/www.barbara-loth.de\/wp-content\/uploads\/2018\/07\/Anwalt-Arbeitsrecht-Berlin-Loth-Flipchart_klein.jpg');\"><video autoplay loop muted onplay=\"bt_video_callback( this )\"><source src=\"https:\/\/www.youtube.com\/watch?v=G6dfOz_RolE\" type=\"video\/webm\"><\/video><div class=\"port\"><div class=\"boldCell\"><div class=\"boldCellInner\"><div class=\"boldRow \" ><div class=\"boldRowInner\"><div class=\"rowItem col-md-8 col-ms-12 btTextLeft inherit\"  data-width=\"8\"><div class=\"rowItemContent\" ><header class=\"header btClear extralarge btDash bottomDash\" ><div class=\"dash\"><div class=\"btSuperTitle\"><span>R\u00e9seau &amp; membre<\/span><\/div><h1><span class=\"headline\"> <b class=\"animate\">R\u00e9seaux &amp;<\/b> autres activit\u00e9s<\/span><\/h1><\/div><\/header><div class=\"btClear btSeparator topSemiSpaced bottomSmallSpaced noBorder\" ><hr><\/div><\/div><\/div><div class=\"rowItem col-md-4 col-ms-12 btTextCenter animate animate-fadein inherit\"  data-width=\"4\"><div class=\"rowItemContent\" ><\/div><\/div><\/div><\/div><div class=\"boldRow \" ><div class=\"boldRowInner\"><div class=\"rowItem col-md-6 col-sm-12 btTextLeft animate animate-fadein inherit\"  data-width=\"6\"><div class=\"rowItemContent\" ><div class=\"servicesItem  btIcoAccentColorIcon btIcoMediumSizeIcon \"><div class=\"sIcon\"><span class=\"btIco btIcoMediumSize btIcoDefaultType btIcoAccentColor\"><span  data-ico-fa=\"&#xf085;\" class=\"btIcoHolder\"><\/span><\/span><\/div><div class=\"sTxt\"><header class=\"header btClear small\" ><div class=\"dash\"><h4><span class=\"headline\">\u00c9conomie<\/span><\/h4><\/div><\/header><p>Forum \u00e9conomique Commission \u00c9conomie, Travail, Technologie Bundesverband mittelst\u00e4ndische Wirtschaft (F\u00e9d\u00e9ration allemande des PME) <\/p><\/div><\/div><div class=\"btClear btSeparator bottomSemiSpaced noBorder\" ><hr><\/div><\/div><\/div><div class=\"rowItem col-md-6 col-sm-12 btTextLeft animate animate-fadein inherit\"  data-width=\"6\"><div class=\"rowItemContent\" ><div class=\"servicesItem  btIcoAccentColorIcon btIcoMediumSizeIcon \"><div class=\"sIcon\"><span class=\"btIco btIcoMediumSize btIcoDefaultType btIcoAccentColor\"><span  data-ico-fa=\"&#xf24e;\" class=\"btIcoHolder\"><\/span><\/span><\/div><div class=\"sTxt\"><header class=\"header btClear small\" ><div class=\"dash\"><h4><span class=\"headline\">Droit<\/span><\/h4><\/div><\/header><p>Association allemande des tribunaux du travail Cercle berlinois des amis et promoteurs du droit du travail &#8211; Hier-Aujourd&rsquo;hui-Matin Association allemande des femmes juristes <\/p><\/div><\/div><div class=\"btClear btSeparator bottomSemiSpaced noBorder\" ><hr><\/div><\/div><\/div><\/div><\/div><div class=\"boldRow \" ><div class=\"boldRowInner\"><div class=\"rowItem col-md-6 col-sm-12 btTextLeft animate animate-fadein inherit\"  data-width=\"6\"><div class=\"rowItemContent\" ><div class=\"servicesItem  btIcoAccentColorIcon btIcoMediumSizeIcon \"><div class=\"sIcon\"><span class=\"btIco btIcoMediumSize btIcoDefaultType btIcoAccentColor\"><span  data-ico-fa=\"&#xf2d9;\" class=\"btIcoHolder\"><\/span><\/span><\/div><div class=\"sTxt\"><header class=\"header btClear small\" ><div class=\"dash\"><h4><span class=\"headline\">Politique<\/span><\/h4><\/div><\/header><p>Parti social-d\u00e9mocrate d&rsquo;Allemagne Communaut\u00e9 sociale-d\u00e9mocrate pour la politique communale &#8211; SGK <\/p><\/div><\/div><div class=\"btClear btSeparator bottomSemiSpaced noBorder\" ><hr><\/div><\/div><\/div><div class=\"rowItem col-md-6 col-sm-12 btTextLeft\"  data-width=\"6\"><div class=\"rowItemContent\" ><div class=\"servicesItem  btIcoAccentColorIcon btIcoMediumSizeIcon \"><div class=\"sIcon\"><span class=\"btIco btIcoMediumSize btIcoDefaultType btIcoAccentColor\"><span  data-ico-fa=\"&#xf21d;\" class=\"btIcoHolder\"><\/span><\/span><\/div><div class=\"sTxt\"><header class=\"header btClear small\" ><div class=\"dash\"><h4><span class=\"headline\">Soci\u00e9t\u00e9 &amp; culture<\/span><\/h4><\/div><\/header><p>Vereinte Dienstleistungsgewerkschaft ver.di Arbeiterwohlfahrt &#8211; AWO Hospice diaconal de Wannsee Soci\u00e9t\u00e9 Max Liebermann Berlin e.V. <\/p><\/div><\/div><div class=\"btClear btSeparator bottomSemiSpaced noBorder\" ><hr><\/div><\/div><\/div><\/div><\/div><\/div><\/div><\/div><\/section><section id=\"bt_section69dcfbae76d50\" data-parallax=\"0.1\" data-parallax-offset=\"0\" class=\"boldSection btDivider topSemiSpaced bottomSemiSpaced btDarkSkin gutter inherit btParallax\" ><div class=\"port\"><div class=\"boldCell\"><div class=\"boldCellInner\"><div class=\"boldRow \" ><div class=\"boldRowInner\"><div class=\"rowItem col-md-12 col-ms-12  btTextCenter animate animate-fadein inherit\"  data-width=\"12\"><div class=\"rowItemContent\" ><header class=\"header btClear large\" style=\"margin-bottom: 0;\"><div class=\"dash\"><div class=\"btSuperTitle\"><span>\u00c7A A L&rsquo;AIR INT\u00c9RESSANT ?<\/span><\/div><h2><span class=\"headline\">Jetez un coup d&rsquo;\u0153il \u00e0 mon <b class=\"animate\">expertise<\/b>. <\/span><\/h2><\/div><\/header><div class=\"btClear btSeparator topSemiSpaced noBorder\" ><hr><\/div><div class=\"btClear btSeparator topExtraSmallSpaced bottomExtraSmallSpaced noBorder\" ><hr><\/div><\/div><\/div><\/div><\/div><div class=\"boldRow \" ><div class=\"boldRowInner\"><div class=\"rowItem col-md-12 col-ms-12  btTextCenter animate animate-fadein inherit\"  data-width=\"12\"><div class=\"rowItemContent\" ><a href=\"https:\/\/www.barbara-loth.de\/fr\/expertise\/\" class=\"btBtn btBtn btnOutlineStyle btnAccentColor btnMedium btnNormalWidth btRaisedBtn btnLeftPosition btnIco\" ><span class=\"btnInnerText\">MON EXPERTISE EN DROIT DU TRAVAIL<\/span><span class=\"btIco \"><span  data-ico-fa=\"&#xf24e;\" class=\"btIcoHolder\"><\/span><\/span><\/a><div class=\"btClear btSeparator topExtraSmallSpaced bottomExtraSmallSpaced noBorder\" ><hr><\/div><\/div><\/div><\/div><\/div><\/div><\/div><\/div><\/section><\/p>\n","protected":false},"excerpt":{"rendered":"","protected":false},"author":2,"featured_media":2929,"parent":0,"menu_order":0,"comment_status":"closed","ping_status":"closed","template":"","meta":{"footnotes":""},"class_list":["post-2989","page","type-page","status-publish","has-post-thumbnail","hentry"],"_links":{"self":[{"href":"https:\/\/www.barbara-loth.de\/fr\/wp-json\/wp\/v2\/pages\/2989","targetHints":{"allow":["GET"]}}],"collection":[{"href":"https:\/\/www.barbara-loth.de\/fr\/wp-json\/wp\/v2\/pages"}],"about":[{"href":"https:\/\/www.barbara-loth.de\/fr\/wp-json\/wp\/v2\/types\/page"}],"author":[{"embeddable":true,"href":"https:\/\/www.barbara-loth.de\/fr\/wp-json\/wp\/v2\/users\/2"}],"replies":[{"embeddable":true,"href":"https:\/\/www.barbara-loth.de\/fr\/wp-json\/wp\/v2\/comments?post=2989"}],"version-history":[{"count":4,"href":"https:\/\/www.barbara-loth.de\/fr\/wp-json\/wp\/v2\/pages\/2989\/revisions"}],"predecessor-version":[{"id":3174,"href":"https:\/\/www.barbara-loth.de\/fr\/wp-json\/wp\/v2\/pages\/2989\/revisions\/3174"}],"wp:featuredmedia":[{"embeddable":true,"href":"https:\/\/www.barbara-loth.de\/fr\/wp-json\/wp\/v2\/media\/2929"}],"wp:attachment":[{"href":"https:\/\/www.barbara-loth.de\/fr\/wp-json\/wp\/v2\/media?parent=2989"}],"curies":[{"name":"wp","href":"https:\/\/api.w.org\/{rel}","templated":true}]}}