{"id":2994,"date":"2018-07-13T09:11:28","date_gmt":"2018-07-13T07:11:28","guid":{"rendered":"https:\/\/www.barbara-loth.de\/equipe\/"},"modified":"2023-12-12T16:54:39","modified_gmt":"2023-12-12T15:54:39","slug":"equipe","status":"publish","type":"page","link":"https:\/\/www.barbara-loth.de\/fr\/equipe\/","title":{"rendered":"\u00c9quipe"},"content":{"rendered":"<p><section id=\"bt_section69f1b197289e2\" data-parallax=\"0.1\" data-parallax-offset=\"0\" class=\"boldSection topExtraSpaced bottomSpaced btDarkSkin gutter inherit btParallax wBackground cover btBackgroundOverlay btSolidDarkBackground\" style=\"background-image:url('https:\/\/www.barbara-loth.de\/wp-content\/uploads\/2018\/07\/Anwalt-Arbeitsrecht-Berlin-Skyline.jpg');\"><div class=\"port\"><div class=\"boldCell\"><div class=\"boldCellInner\"><div class=\"boldRow \" ><div class=\"boldRowInner\"><div class=\"rowItem col-md-6 col-sm-12 btTextLeft\"  data-width=\"6\"><div class=\"rowItemContent\" ><div class=\"btClear btSeparator topSemiSpaced bottomSmallSpaced noBorder\" ><hr><\/div><header class=\"header btClear large btDash bottomDash\" ><div class=\"dash\"><h2><span class=\"headline\">Au niveau <b class=\"animate\"> national<\/b> et <b class=\"animate\"> international<\/b>.<\/span><\/h2><\/div><div class=\"btSubTitle\">Coll\u00e8gues<\/div><\/header><\/div><\/div><div class=\"rowItem col-md-6 col-sm-12 btTextLeft\"  data-width=\"6\"><div class=\"rowItemContent\" ><\/div><\/div><\/div><\/div><\/div><\/div><\/div><\/section><section id=\"services\"  class=\"boldSection topSpaced bottomSpaced gutter inherit\" ><div class=\"port\"><div class=\"boldCell\"><div class=\"boldCellInner\"><div class=\"boldRow \" ><div class=\"boldRowInner\"><div class=\"rowItem col-md-6 col-sm-12 btTextLeft inherit\"  data-width=\"6\"><div class=\"rowItemContent\" ><header class=\"header btClear extralarge btDash bottomDash\" ><div class=\"dash\"><div class=\"btSuperTitle\"><span>Multilingue<\/span><\/div><h1><span class=\"headline\">Notre <b class=\"animate\"><br \/><br>\u00e9quipe <\/b> <\/span><\/h1><\/div><div class=\"btSubTitle\">Avec mes coll\u00e8gues du cabinet H\u00f6pken &amp; Partner mbB, nous pouvons \u00e9galement vous conseiller dans d&rsquo;autres domaines, comme le droit public et priv\u00e9 de la construction, le droit du bail, le droit des successions, le droit fiscal, le droit de la famille et le droit \u00e9conomique. Nous sommes un cabinet d&rsquo;avocats \u00e0 vocation internationale.<\/div><\/header><div class=\"btClear btSeparator topSemiSpaced noBorder\" ><hr><\/div><\/div><\/div><div class=\"rowItem col-md-6 col-sm-12 btTextLeft\"  data-width=\"6\"><div class=\"rowItemContent\" ><div class=\"btClear btSeparator topLargeSpaced noBorder\" ><hr><\/div><header class=\"header btClear extralarge btDash bottomDash\" ><div class=\"btSubTitle\">Les deux coll\u00e8gues polonais qui travaillent chez nous assistent surtout les entreprises polonaises \u00e0 Berlin. Nous proposons \u00e9galement les services d&rsquo;un notariat international de grande envergure. Outre l&rsquo;allemand, nous \u00e9tablissons des actes et correspondons dans notre langue maternelle, l&rsquo;anglais, le russe et le polonais. <\/div><\/header><\/div><\/div><\/div><\/div><div class=\"boldRow \" ><div class=\"boldRowInner\"><div class=\"rowItem col-md-12 col-ms-12  btTextLeft animate animate-fadein inherit\"  data-width=\"12\"><div class=\"rowItemContent\" ><div class=\"bpgPhoto  btHasComplexContent\" > \r\n\t\t\t\t\t<a href=\"#\" target=\"_self\"><\/a>\r\n\t\t\t\t\t<div class=\"boldPhotoBox\"><div class=\"bpbItem\"><div class = \"btImage\"><img decoding=\"async\" src=\"https:\/\/www.barbara-loth.de\/wp-content\/uploads\/2018\/07\/Anwalt-Arbeitsrecht-Berlin-Loth-Team-1200x800.jpg\" alt=\"https:\/\/www.barbara-loth.de\/wp-content\/uploads\/2018\/07\/Anwalt-Arbeitsrecht-Berlin-Loth-Team-1200x800.jpg\" ><\/div><\/div><\/div>\r\n\t\t\t\t\t<div class=\"captionPane btDarkSkin\">\r\n\t\t\t\t\t\t<div class=\"captionTable\">\r\n\t\t\t\t\t\t\t<div class=\"captionCell\">\r\n\t\t\t\t\t\t\t\t<div class=\"captionTxt\"><header class=\"header btClear medium btDash bottomDash\" ><div class=\"btSubTitle\">\u00ab\u00a0Nous authentifions et correspondons dans notre langue maternelle en allemand, anglais, russe et polonais\u00ab\u00a0.<\/div><\/header><\/div>\r\n\t\t\t\t\t\t\t<\/div>\r\n\t\t\t\t\t\t<\/div>\r\n\t\t\t\t\t<\/div><\/div><div class=\"btClear btSeparator bottomSmallSpaced noBorder\" ><hr><\/div><header class=\"header btClear medium btDash bottomDash\" ><div class=\"dash\"><h3><span class=\"headline\">L&rsquo;\u00e9quipe \u00e0 propos de Berlin<\/span><\/h3><\/div><\/header><div class=\"btClear btSeparator bottomSmallSpaced noBorder\" ><hr><\/div><div class=\"btIconImageRow\" ><span class=\"btIco btIcoDefaultType btIcoMediumSize btIcoAccentColor\"><a href=\"https:\/\/www.facebook.com\/profile.php?id=100005163946933\"  target=\"_blank\" data-ico-fa=\"&#xf09a;\" class=\"btIcoHolder\"><span>Barbara Loth<\/span><\/a><\/span><span class=\"btIco btIcoDefaultType btIcoMediumSize btIcoAccentColor\"><a href=\"http:\/\/www.hoepken-partner.de\"  target=\"_blank\" data-ico-fa=\"&#xf0c1;\" class=\"btIcoHolder\"><span>Hoepken &amp; Partner<\/span><\/a><\/span><\/div><div class=\"btClear btSeparator bottomSemiSpaced noBorder\" ><hr><\/div><\/div><\/div><\/div><\/div><div class=\"boldRow \" ><div class=\"boldRowInner\"><\/div><\/div><\/div><\/div><\/div><\/section><section id=\"bt_section69f1b19729f1f\"  class=\"boldSection gutter\" ><div class=\"port\"><div class=\"boldCell\"><div class=\"boldCellInner\"><\/div><\/div><\/div><\/section><\/p>\n","protected":false},"excerpt":{"rendered":"","protected":false},"author":2,"featured_media":0,"parent":0,"menu_order":0,"comment_status":"closed","ping_status":"closed","template":"","meta":{"footnotes":""},"class_list":["post-2994","page","type-page","status-publish","hentry"],"_links":{"self":[{"href":"https:\/\/www.barbara-loth.de\/fr\/wp-json\/wp\/v2\/pages\/2994","targetHints":{"allow":["GET"]}}],"collection":[{"href":"https:\/\/www.barbara-loth.de\/fr\/wp-json\/wp\/v2\/pages"}],"about":[{"href":"https:\/\/www.barbara-loth.de\/fr\/wp-json\/wp\/v2\/types\/page"}],"author":[{"embeddable":true,"href":"https:\/\/www.barbara-loth.de\/fr\/wp-json\/wp\/v2\/users\/2"}],"replies":[{"embeddable":true,"href":"https:\/\/www.barbara-loth.de\/fr\/wp-json\/wp\/v2\/comments?post=2994"}],"version-history":[{"count":2,"href":"https:\/\/www.barbara-loth.de\/fr\/wp-json\/wp\/v2\/pages\/2994\/revisions"}],"predecessor-version":[{"id":3101,"href":"https:\/\/www.barbara-loth.de\/fr\/wp-json\/wp\/v2\/pages\/2994\/revisions\/3101"}],"wp:attachment":[{"href":"https:\/\/www.barbara-loth.de\/fr\/wp-json\/wp\/v2\/media?parent=2994"}],"curies":[{"name":"wp","href":"https:\/\/api.w.org\/{rel}","templated":true}]}}