{"id":2987,"date":"2015-09-04T13:07:07","date_gmt":"2015-09-04T11:07:07","guid":{"rendered":"https:\/\/www.barbara-loth.de\/avvocato-diritto-del-lavoro-berlino\/"},"modified":"2024-05-23T19:46:38","modified_gmt":"2024-05-23T17:46:38","slug":"avvocato-diritto-del-lavoro-berlino","status":"publish","type":"page","link":"https:\/\/www.barbara-loth.de\/it\/","title":{"rendered":"Avvocato diritto del lavoro Berlino"},"content":{"rendered":"<p><section id=\"bt_section69dcfad175c25\" data-parallax=\"0.1\" data-parallax-offset=\"-50\" class=\"boldSection topExtraSpaced bottomLargeSpaced btDarkSkin gutter fullScreenHeight btBottomVertical btParallax wBackground cover btBackgroundOverlay btStripedDark\" style=\"background-image:url('https:\/\/www.barbara-loth.de\/wp-content\/uploads\/2018\/07\/Anwalt-Arbeitsrecht-Berlin-Loth-Portrait-Dach2-1.jpg');\"><div class=\"port\"><div class=\"boldCell\"><div class=\"boldCellInner\"><div class=\"boldRow \" ><div class=\"boldRowInner\"><div class=\"rowItem col-md-12 col-ms-12  btTextLeft inherit\"  data-width=\"12\"><div class=\"rowItemContent\" ><div class=\"btClear btSeparator topExtraSpaced bottomSemiSpaced noBorder\" ><hr><\/div><div class=\"btClear btSeparator topExtraSpaced bottomSemiSpaced noBorder\" ><hr><\/div><header class=\"header btClear medium btDash bottomDash\" ><div class=\"dash\"><h3><span class=\"headline\">Barbara <b class=\"animate\">Loth.<\/b> Avvocato. Ex giudice del tribunale del lavoro.<\/span><\/h3><\/div><div class=\"btSubTitle\">Diritto del lavoro per dipendenti, datori di lavoro, comitati aziendali e dirigenti<\/div><\/header><\/div><\/div><\/div><\/div><\/div><\/div><\/div><\/section><section id=\"anwalt-arbeitsrecht\"  class=\"boldSection topLargeSpaced bottomSpaced gutter inherit\" ><div class=\"port\"><div class=\"boldCell\"><div class=\"boldCellInner\"><div class=\"boldRow \" ><div class=\"boldRowInner\"><div class=\"rowItem col-md-6 col-sm-12 btTextLeft inherit\"  data-width=\"6\"><div class=\"rowItemContent\" ><header class=\"header btClear extralarge btDash bottomDash\" ><div class=\"dash\"><div class=\"btSuperTitle\"><span>Breve, concreto, preciso.<\/span><\/div><h1><span class=\"headline\">Sta cercando un avvocato per il <b class=\"animate\">diritto del lavoro<\/b> a Berlino?<\/span><\/h1><\/div><div class=\"btSubTitle\"> In qualit\u00e0 di avvocato, assisto i dipendenti, i comitati aziendali, le aziende e i dirigenti con la mia vasta esperienza e rappresentanza in materia di diritto del lavoro.<\/div><\/header><div class=\"btClear btSeparator topSemiSpaced noBorder\" ><hr><\/div><\/div><\/div><div class=\"rowItem col-md-3 col-sm-6 col-ms-12 btTextLeft animate animate-fadein inherit\"  data-width=\"3\"><div class=\"rowItemContent\" ><div class=\"btClear btSeparator topSmallSpaced bottomSemiSpaced noBorder hidden-xs hidden-ms hidden-sm\" ><hr><\/div><header class=\"header btClear medium btDash bottomDash\" ><div class=\"dash\"><div class=\"btSuperTitle\"><span>Struttura e <\/span><\/div><h3><span class=\"headline\">Affidabilit\u00e0<\/span><\/h3><\/div><div class=\"btSubTitle\">Hanno bisogno di struttura e affidabilit\u00e0. Solo cos\u00ec si svilupper\u00e0 la fiducia. Il diritto del lavoro \u00e8 la mia competenza, la mia specialit\u00e0 e la mia passione.<\/div><\/header><div class=\"btClear btSeparator topExtraSmallSpaced noBorder\" ><hr><\/div><a href=\"https:\/\/www.barbara-loth.de\/it\/expertise\/\" class=\"btBtn btBtn btnOutlineStyle btnAccentColor btnSmall btnNormalWidth hidden-xs btnRightPosition btnNoIcon\" ><span class=\"btnInnerText\">Per saperne di pi\u00f9&#8230;<\/span><\/a><div class=\"btClear btSeparator topSemiSpaced noBorder\" ><hr><\/div><\/div><\/div><div class=\"rowItem col-md-3 col-sm-6 col-ms-12 btTextLeft animate animate-fadein inherit\"  data-width=\"3\"><div class=\"rowItemContent\" ><div class=\"btClear btSeparator topSmallSpaced bottomSemiSpaced noBorder hidden-xs hidden-ms hidden-sm\" ><hr><\/div><header class=\"header btClear medium btDash bottomDash\" ><div class=\"dash\"><div class=\"btSuperTitle\"><span>Vita e <\/span><\/div><h3><span class=\"headline\">Soddisfazione<\/span><\/h3><\/div><div class=\"btSubTitle\">Come avvocato ambizioso e appassionato, so che le aziende vincono con dipendenti soddisfatti. Perch\u00e9 il lavoro giusto \u00e8 la cosa pi\u00f9 importante nella vita di una persona.<\/div><\/header><div class=\"btClear btSeparator topExtraSmallSpaced noBorder\" ><hr><\/div><a href=\"https:\/\/www.barbara-loth.de\/it\/expertise\/\" class=\"btBtn btBtn btnOutlineStyle btnAccentColor btnSmall btnNormalWidth hidden-xs btnRightPosition btnNoIcon\" ><span class=\"btnInnerText\">Per saperne di pi\u00f9&#8230;<\/span><\/a><div class=\"btClear btSeparator topSemiSpaced noBorder\" ><hr><\/div><\/div><\/div><\/div><\/div><div class=\"boldRow \" ><div class=\"boldRowInner\"><div class=\"rowItem col-md-6 col-sm-12 btTextLeft animate animate-fadein inherit\"  data-width=\"6\"><div class=\"rowItemContent\" ><\/div><\/div><div class=\"rowItem col-md-3 col-sm-6 col-ms-12 btTextLeft animate animate-fadein inherit\"  data-width=\"3\"><div class=\"rowItemContent\" ><header class=\"header btClear medium btDash bottomDash\" ><div class=\"dash\"><div class=\"btSuperTitle\"><span>Valore aggiunto<\/span><\/div><h3><span class=\"headline\">Misurabile<\/span><\/h3><\/div><div class=\"btSubTitle\">Trover\u00f2 per voi strategie ottimali e sofisticate, le implementer\u00f2 nei processi e le metter\u00f2 in pratica. L&#8217;obiettivo \u00e8 un valore aggiunto misurabile.<\/div><\/header><div class=\"btClear btSeparator topExtraSmallSpaced noBorder\" ><hr><\/div><a href=\"https:\/\/www.barbara-loth.de\/it\/expertise\/\" class=\"btBtn btBtn btnOutlineStyle btnAccentColor btnSmall btnNormalWidth hidden-xs btnRightPosition btnNoIcon\" ><span class=\"btnInnerText\">Per saperne di pi\u00f9&#8230;<\/span><\/a><div class=\"btClear btSeparator topSemiSpaced noBorder\" ><hr><\/div><\/div><\/div><div class=\"rowItem col-md-3 col-sm-6 col-ms-12 btTextLeft animate animate-fadein inherit\"  data-width=\"3\"><div class=\"rowItemContent\" ><header class=\"header btClear medium btDash bottomDash\" ><div class=\"dash\"><div class=\"btSuperTitle\"><span>Il linguaggio della<\/span><\/div><h3><span class=\"headline\">Diplomazia<\/span><\/h3><\/div><div class=\"btSubTitle\">La giurisprudenza \u00e8 un linguaggio diplomatico. Ecco perch\u00e9 faccio incontrare datori di lavoro e dipendenti.<\/div><\/header><div class=\"btClear btSeparator topExtraSmallSpaced noBorder\" ><hr><\/div><a href=\"https:\/\/www.barbara-loth.de\/it\/expertise\/\" class=\"btBtn btBtn btnOutlineStyle btnAccentColor btnSmall btnNormalWidth hidden-xs btnRightPosition btnNoIcon\" ><span class=\"btnInnerText\">Per saperne di pi\u00f9&#8230;<\/span><\/a><div class=\"btClear btSeparator topSemiSpaced noBorder\" ><hr><\/div><\/div><\/div><\/div><\/div><\/div><\/div><\/div><\/section><section id=\"bauchgefuehl\"  class=\"boldSection topLargeSpaced bottomSpaced btDarkSkin gutter inherit wBackground cover btBackgroundOverlay btSolidDarkBackground\" style=\"background-image:url('https:\/\/www.barbara-loth.de\/wp-content\/uploads\/2018\/07\/Anwalt-Arbeitsrecht-Berlin-Loth-bunte-Kacheln.jpg');\"><div class=\"port\"><div class=\"boldCell\"><div class=\"boldCellInner\"><div class=\"boldRow \" ><div class=\"boldRowInner\"><div class=\"rowItem col-md-8 col-ms-12 btTextLeft inherit\"  data-width=\"8\"><div class=\"rowItemContent\" ><header class=\"header btClear extralarge btDash bottomDash\" ><div class=\"dash\"><div class=\"btSuperTitle\"><span>Non abbiate fretta!<\/span><\/div><h1><span class=\"headline\"> <b class=\"animate\">Sensazione di pancia<\/b> prima di tutto<\/span><\/h1><\/div><div class=\"btSubTitle\">Come fa un avvocato a definire la propria competenza in materia di diritto del lavoro? Un elenco di casi di successo? Recensioni di centinaia di clienti? Citando grandi nomi e piccoli premi? <\/div><\/header><div class=\"btClear btSeparator topSemiSpaced bottomSmallSpaced noBorder\" ><hr><\/div><\/div><\/div><div class=\"rowItem col-md-4 col-ms-12 btTextCenter animate animate-fadein inherit\"  data-width=\"4\"><div class=\"rowItemContent\" ><\/div><\/div><\/div><\/div><div class=\"boldRow \" ><div class=\"boldRowInner\"><div class=\"rowItem col-md-4 col-ms-12 btTextLeft animate animate-fadein inherit\"  data-width=\"4\"><div class=\"rowItemContent\" ><div class=\"servicesItem  btIcoAccentColorIcon btIcoBigSizeIcon \"><div class=\"sIcon\"><span class=\"btIco btIcoBigSize btIcoDefaultType btIcoAccentColor\"><span  data-ico-s7=\"&#xe638;\" class=\"btIcoHolder\"><\/span><\/span><\/div><div class=\"sTxt\"><header class=\"header btClear small\" ><div class=\"dash\"><h4><span class=\"headline\">01. Arrivare al punto<\/span><\/h4><\/div><\/header><p>Vogliono annunci chiari, spiegazioni comprensibili e messaggi strutturati. E soprattutto qualcuno che li difenda davvero. Giusto?<\/p><\/div><\/div><div class=\"btClear btSeparator bottomSemiSpaced noBorder\" ><hr><\/div><\/div><\/div><div class=\"rowItem col-md-4 col-ms-12 btTextLeft animate animate-fadein inherit\"  data-width=\"4\"><div class=\"rowItemContent\" ><div class=\"servicesItem  btIcoAccentColorIcon btIcoBigSizeIcon \"><div class=\"sIcon\"><span class=\"btIco btIcoBigSize btIcoDefaultType btIcoAccentColor\"><span  data-ico-s7=\"&#xe6c6;\" class=\"btIcoHolder\"><\/span><\/span><\/div><div class=\"sTxt\"><header class=\"header btClear small\" ><div class=\"dash\"><h4><span class=\"headline\">02. Ascoltate il vostro istinto<\/span><\/h4><\/div><\/header><p>\u00c8 l&#8217;istinto che dice &#8220;s\u00ec&#8220; per primo. O &#8220;no&#8220;. Anche quando si cerca un avvocato.<\/p><\/div><\/div><div class=\"btClear btSeparator bottomSemiSpaced noBorder\" ><hr><\/div><\/div><\/div><div class=\"rowItem col-md-4 col-ms-12 btTextLeft animate animate-fadein inherit\"  data-width=\"4\"><div class=\"rowItemContent\" ><div class=\"servicesItem  btIcoAccentColorIcon btIcoBigSizeIcon \"><div class=\"sIcon\"><span class=\"btIco btIcoBigSize btIcoDefaultType btIcoAccentColor\"><span  data-ico-s7=\"&#xe658;\" class=\"btIcoHolder\"><\/span><\/span><\/div><div class=\"sTxt\"><header class=\"header btClear small\" ><div class=\"dash\"><h4><span class=\"headline\">03. Attenzione alle differenze<\/span><\/h4><\/div><\/header><p>La grande sfida per noi avvocati \u00e8 trasmettere la nostra distintivit\u00e0. In cosa mi differenzio dagli altri avvocati? <\/p><\/div><\/div><div class=\"btClear btSeparator bottomSemiSpaced noBorder\" ><hr><\/div><\/div><\/div><\/div><\/div><\/div><\/div><\/div><\/section><section id=\"erfahrung\"  class=\"boldSection topLargeSpaced bottomLargeSpaced gutter inherit\" style=\"background-color:#f3f3f3;\"><div class=\"port\"><div class=\"boldCell\"><div class=\"boldCellInner\"><div class=\"boldRow \" ><div class=\"boldRowInner\"><div class=\"rowItem col-md-6 col-sm-12 btTextCenter animate animate-fadein inherit\"  data-width=\"6\"><div class=\"rowItemContent\" ><div class=\"bpgPhoto \" ><div class = \"btImage\"><img decoding=\"async\" src=\"https:\/\/www.barbara-loth.de\/wp-content\/uploads\/2018\/06\/Anwalt-Arbeitsrecht-Berlin.png\" alt=\"https:\/\/www.barbara-loth.de\/wp-content\/uploads\/2018\/06\/Anwalt-Arbeitsrecht-Berlin.png\" ><\/div><\/div><div class=\"btClear btSeparator topSmallSpaced bottomSmallSpaced noBorder\" ><hr><\/div><div class=\"boldRow \" ><div class=\"boldRowInner\"><div class=\"rowItem rowInnerItem col-ms-6  btTextLeft inherit animate animate-fadein\"  ><div class=\"rowItemContent\"><div class=\"servicesItem  btIcoAccentColorIcon btIcoMediumSizeIcon \"><div class=\"sIcon\"><span class=\"btIco btIcoMediumSize btIcoFilledType btIcoAccentColor\"><span  data-ico-s7=\"&#xe60d;\" class=\"btIcoHolder\"><\/span><\/span><\/div><div class=\"sTxt\"><header class=\"header btClear small\" ><div class=\"dash\"><h4><span class=\"headline\">Consulenza del personale<\/span><\/h4><\/div><\/header><p>In collaborazione con il fornitore di servizi per il personale Elnet Group, sono in grado di aiutarvi a trovare un lavoro migliore o un dipendente adatto. <\/p><\/div><\/div><div class=\"btClear btSeparator bottomSmallSpaced noBorder\" ><hr><\/div><\/div><\/div><div class=\"rowItem rowInnerItem col-ms-6  btTextLeft inherit animate animate-fadein\"  ><div class=\"rowItemContent\"><div class=\"servicesItem  btIcoAccentColorIcon btIcoMediumSizeIcon \"><div class=\"sIcon\"><span class=\"btIco btIcoMediumSize btIcoFilledType btIcoAccentColor\"><span  data-ico-fa=\"&#xf0c0;\" class=\"btIcoHolder\"><\/span><\/span><\/div><div class=\"sTxt\"><header class=\"header btClear small\" ><div class=\"dash\"><h4><span class=\"headline\">Networker<\/span><\/h4><\/div><\/header><p>Molti problemi non possono essere risolti da soli per via legale. A volte il consiglio di altre persone \u00e8 molto pi\u00f9 utile. Ho scoperto che il contatto e il dialogo con molte persone con una vasta gamma di esperienze professionali, di volontariato o private \u00e8 molto prezioso. Per questo motivo partecipo a diverse reti. <\/p><\/div><\/div><div class=\"btClear btSeparator bottomSmallSpaced noBorder\" ><hr><\/div><\/div><\/div><\/div><\/div><div class=\"boldRow \" ><div class=\"boldRowInner\"><\/div><\/div><\/div><\/div><div class=\"rowItem col-md-6 col-sm-12 btTextLeft inherit\"  data-width=\"6\"><div class=\"rowItemContent\" ><header class=\"header btClear extralarge btDash bottomDash\" ><div class=\"dash\"><div class=\"btSuperTitle\"><span>Concreto. Preciso.<\/span><\/div><h1><span class=\"headline\"> <b class=\"animate\">Passione<\/b> <\/span><\/h1><\/div><div class=\"btSubTitle\">Permettetemi di venire subito al punto: Sono un avvocato specializzato in diritto del lavoro a Berlino. Ma basta parlare di me. Cosa posso fare per voi? <\/div><\/header><div class=\"btClear btSeparator topSemiSpaced bottomSmallSpaced noBorder\" ><hr><\/div><div class=\"boldRow \" ><div class=\"boldRowInner\"><div class=\"rowItem rowInnerItem col-ms-6  btTextLeft inherit animate animate-fadein\"  ><div class=\"rowItemContent\"><div class=\"servicesItem  btIcoAccentColorIcon btIcoMediumSizeIcon \"><div class=\"sIcon\"><span class=\"btIco btIcoMediumSize btIcoFilledType btIcoAccentColor\"><span  data-ico-s7=\"&#xe622;\" class=\"btIcoHolder\"><\/span><\/span><\/div><div class=\"sTxt\"><header class=\"header btClear small\" ><div class=\"dash\"><h4><span class=\"headline\">Giudice del lavoro<\/span><\/h4><\/div><\/header><p>Ho lavorato per molti anni come giudice del lavoro a Berlino. In questo periodo ho avuto modo di conoscere e giudicare diverse controversie legali sul posto di lavoro. Non conosco solo il punto di vista dei lavoratori e dei datori di lavoro, ma anche quello dei giudici del tribunale del lavoro.<\/p><\/div><\/div><div class=\"btClear btSeparator bottomSmallSpaced noBorder\" ><hr><\/div><\/div><\/div><div class=\"rowItem rowInnerItem col-ms-6  btTextLeft inherit animate animate-fadein\"  ><div class=\"rowItemContent\"><div class=\"servicesItem  btIcoAccentColorIcon btIcoMediumSizeIcon \"><div class=\"sIcon\"><span class=\"btIco btIcoMediumSize btIcoFilledType btIcoAccentColor\"><span  data-ico-s7=\"&#xe643;\" class=\"btIcoHolder\"><\/span><\/span><\/div><div class=\"sTxt\"><header class=\"header btClear small\" ><div class=\"dash\"><h4><span class=\"headline\">Formazione del comitato aziendale<\/span><\/h4><\/div><\/header><p>Ho formato i comitati aziendali in tutta la Germania in materia di diritto del lavoro individuale e di costituzione aziendale. In questo modo, ho avuto modo di conoscere la situazione dei comitati aziendali nelle piccole e grandi imprese.<\/p><\/div><\/div><div class=\"btClear btSeparator bottomSmallSpaced noBorder\" ><hr><\/div><\/div><\/div><\/div><\/div><div class=\"btClear btSeparator bottomSmallSpaced noBorder\" ><hr><\/div><div class=\"boldRow \" ><div class=\"boldRowInner\"><div class=\"rowItem rowInnerItem col-ms-6  btTextLeft inherit animate animate-fadein\"  ><div class=\"rowItemContent\"><div class=\"servicesItem  btIcoAccentColorIcon btIcoMediumSizeIcon \"><div class=\"sIcon\"><span class=\"btIco btIcoMediumSize btIcoFilledType btIcoAccentColor\"><span  data-ico-fa=\"&#xf0f7;\" class=\"btIcoHolder\"><\/span><\/span><\/div><div class=\"sTxt\"><header class=\"header btClear small\" ><div class=\"dash\"><h4><span class=\"headline\">Segretario di Stato<\/span><\/h4><\/div><\/header><p>Efficace ed efficiente: trasformare un&#8217;idea in un lavoro. Grazie al mio lavoro nell&#8217;amministrazione di Berlino come consigliere comunale e segretario di Stato, ho acquisito una comprovata ed eloquente esperienza nella gestione dei dipendenti, ma anche nella creazione di un concetto di sviluppo del personale. <\/p><\/div><\/div><div class=\"btClear btSeparator bottomSmallSpaced noBorder\" ><hr><\/div><\/div><\/div><div class=\"rowItem rowInnerItem col-ms-6  btTextLeft inherit animate animate-fadein\"  ><div class=\"rowItemContent\"><div class=\"servicesItem  btIcoAccentColorIcon btIcoMediumSizeIcon \"><div class=\"sIcon\"><span class=\"btIco btIcoMediumSize btIcoFilledType btIcoAccentColor\"><span  data-ico-fa=\"&#xf015;\" class=\"btIcoHolder\"><\/span><\/span><\/div><div class=\"sTxt\"><header class=\"header btClear small\" ><div class=\"dash\"><h4><span class=\"headline\">Agenzia per il lavoro<\/span><\/h4><\/div><\/header><p>Ho fatto parte dei consigli di amministrazione di un centro per l&#8217;impiego, di un&#8217;agenzia per il lavoro e dell&#8217;Agenzia federale per il lavoro e conosco le condizioni necessarie per ricevere il sostegno da parte loro.<\/p><\/div><\/div><div class=\"btClear btSeparator bottomSmallSpaced noBorder\" ><hr><\/div><\/div><\/div><\/div><\/div><\/div><\/div><\/div><\/div><\/div><\/div><\/div><\/section><section id=\"bauchgefuehl\"  class=\"boldSection topLargeSpaced bottomSpaced btDarkSkin gutter inherit wBackground cover btBackgroundOverlay btSolidDarkBackground video\" style=\"background-image:url('https:\/\/www.barbara-loth.de\/wp-content\/uploads\/2018\/07\/Anwalt-Arbeitsrecht-Berlin-Loth-Flipchart_klein.jpg');\"><video autoplay loop muted onplay=\"bt_video_callback( this )\"><source src=\"https:\/\/www.youtube.com\/watch?v=G6dfOz_RolE\" type=\"video\/webm\"><\/video><div class=\"port\"><div class=\"boldCell\"><div class=\"boldCellInner\"><div class=\"boldRow \" ><div class=\"boldRowInner\"><div class=\"rowItem col-md-8 col-ms-12 btTextLeft inherit\"  data-width=\"8\"><div class=\"rowItemContent\" ><header class=\"header btClear extralarge btDash bottomDash\" ><div class=\"dash\"><div class=\"btSuperTitle\"><span>Rete e membri<\/span><\/div><h1><span class=\"headline\"> <b class=\"animate\">Reti e<\/b> altre attivit\u00e0<\/span><\/h1><\/div><\/header><div class=\"btClear btSeparator topSemiSpaced bottomSmallSpaced noBorder\" ><hr><\/div><\/div><\/div><div class=\"rowItem col-md-4 col-ms-12 btTextCenter animate animate-fadein inherit\"  data-width=\"4\"><div class=\"rowItemContent\" ><\/div><\/div><\/div><\/div><div class=\"boldRow \" ><div class=\"boldRowInner\"><div class=\"rowItem col-md-6 col-sm-12 btTextLeft animate animate-fadein inherit\"  data-width=\"6\"><div class=\"rowItemContent\" ><div class=\"servicesItem  btIcoAccentColorIcon btIcoMediumSizeIcon \"><div class=\"sIcon\"><span class=\"btIco btIcoMediumSize btIcoDefaultType btIcoAccentColor\"><span  data-ico-fa=\"&#xf085;\" class=\"btIcoHolder\"><\/span><\/span><\/div><div class=\"sTxt\"><header class=\"header btClear small\" ><div class=\"dash\"><h4><span class=\"headline\">Economia<\/span><\/h4><\/div><\/header><p>Forum economico Comitato di esperti su economia, lavoro e tecnologia Associazione federale delle piccole e medie imprese <\/p><\/div><\/div><div class=\"btClear btSeparator bottomSemiSpaced noBorder\" ><hr><\/div><\/div><\/div><div class=\"rowItem col-md-6 col-sm-12 btTextLeft animate animate-fadein inherit\"  data-width=\"6\"><div class=\"rowItemContent\" ><div class=\"servicesItem  btIcoAccentColorIcon btIcoMediumSizeIcon \"><div class=\"sIcon\"><span class=\"btIco btIcoMediumSize btIcoDefaultType btIcoAccentColor\"><span  data-ico-fa=\"&#xf24e;\" class=\"btIcoHolder\"><\/span><\/span><\/div><div class=\"sTxt\"><header class=\"header btClear small\" ><div class=\"dash\"><h4><span class=\"headline\">Legge<\/span><\/h4><\/div><\/header><p>Deutscher Arbeitsgerichtsverband Berliner Freundes- und F\u00f6rderkreis Arbeitsrecht &#8211; Gestern-Heute-Morgen Deutscher Juristinnenbund <\/p><\/div><\/div><div class=\"btClear btSeparator bottomSemiSpaced noBorder\" ><hr><\/div><\/div><\/div><\/div><\/div><div class=\"boldRow \" ><div class=\"boldRowInner\"><div class=\"rowItem col-md-6 col-sm-12 btTextLeft animate animate-fadein inherit\"  data-width=\"6\"><div class=\"rowItemContent\" ><div class=\"servicesItem  btIcoAccentColorIcon btIcoMediumSizeIcon \"><div class=\"sIcon\"><span class=\"btIco btIcoMediumSize btIcoDefaultType btIcoAccentColor\"><span  data-ico-fa=\"&#xf2d9;\" class=\"btIcoHolder\"><\/span><\/span><\/div><div class=\"sTxt\"><header class=\"header btClear small\" ><div class=\"dash\"><h4><span class=\"headline\">Politica<\/span><\/h4><\/div><\/header><p>Partito Socialdemocratico di Germania Comunit\u00e0 Socialdemocratica per la Politica Locale &#8211; SGK <\/p><\/div><\/div><div class=\"btClear btSeparator bottomSemiSpaced noBorder\" ><hr><\/div><\/div><\/div><div class=\"rowItem col-md-6 col-sm-12 btTextLeft\"  data-width=\"6\"><div class=\"rowItemContent\" ><div class=\"servicesItem  btIcoAccentColorIcon btIcoMediumSizeIcon \"><div class=\"sIcon\"><span class=\"btIco btIcoMediumSize btIcoDefaultType btIcoAccentColor\"><span  data-ico-fa=\"&#xf21d;\" class=\"btIcoHolder\"><\/span><\/span><\/div><div class=\"sTxt\"><header class=\"header btClear small\" ><div class=\"dash\"><h4><span class=\"headline\">Societ\u00e0 e cultura<\/span><\/h4><\/div><\/header><p>Vereinte Dienstleistungsgewerkschaft ver.di Arbeiterwohlfahrt &#8211; AWO Diakonie-Hospiz Wannsee Max-Liebermann-Gesellschaft Berlin e.V. <\/p><\/div><\/div><div class=\"btClear btSeparator bottomSemiSpaced noBorder\" ><hr><\/div><\/div><\/div><\/div><\/div><\/div><\/div><\/div><\/section><section id=\"bt_section69dcfad17911d\" data-parallax=\"0.1\" data-parallax-offset=\"0\" class=\"boldSection btDivider topSemiSpaced bottomSemiSpaced btDarkSkin gutter inherit btParallax\" ><div class=\"port\"><div class=\"boldCell\"><div class=\"boldCellInner\"><div class=\"boldRow \" ><div class=\"boldRowInner\"><div class=\"rowItem col-md-12 col-ms-12  btTextCenter animate animate-fadein inherit\"  data-width=\"12\"><div class=\"rowItemContent\" ><header class=\"header btClear large\" style=\"margin-bottom: 0;\"><div class=\"dash\"><div class=\"btSuperTitle\"><span>SEMBRA INTERESSANTE?<\/span><\/div><h2><span class=\"headline\">Date un&#8217;occhiata alla mia <b class=\"animate\">esperienza<\/b> <\/span><\/h2><\/div><\/header><div class=\"btClear btSeparator topSemiSpaced noBorder\" ><hr><\/div><div class=\"btClear btSeparator topExtraSmallSpaced bottomExtraSmallSpaced noBorder\" ><hr><\/div><\/div><\/div><\/div><\/div><div class=\"boldRow \" ><div class=\"boldRowInner\"><div class=\"rowItem col-md-12 col-ms-12  btTextCenter animate animate-fadein inherit\"  data-width=\"12\"><div class=\"rowItemContent\" ><a href=\"https:\/\/www.barbara-loth.de\/it\/competenza\/\" class=\"btBtn btBtn btnOutlineStyle btnAccentColor btnMedium btnNormalWidth btRaisedBtn btnLeftPosition btnIco\" ><span class=\"btnInnerText\">LA MIA ESPERIENZA IN MATERIA DI DIRITTO DEL LAVORO<\/span><span class=\"btIco \"><span  data-ico-fa=\"&#xf24e;\" class=\"btIcoHolder\"><\/span><\/span><\/a><div class=\"btClear btSeparator topExtraSmallSpaced bottomExtraSmallSpaced noBorder\" ><hr><\/div><\/div><\/div><\/div><\/div><\/div><\/div><\/div><\/section><\/p>\n","protected":false},"excerpt":{"rendered":"","protected":false},"author":2,"featured_media":2930,"parent":0,"menu_order":0,"comment_status":"closed","ping_status":"closed","template":"","meta":{"footnotes":""},"class_list":["post-2987","page","type-page","status-publish","has-post-thumbnail","hentry"],"_links":{"self":[{"href":"https:\/\/www.barbara-loth.de\/it\/wp-json\/wp\/v2\/pages\/2987","targetHints":{"allow":["GET"]}}],"collection":[{"href":"https:\/\/www.barbara-loth.de\/it\/wp-json\/wp\/v2\/pages"}],"about":[{"href":"https:\/\/www.barbara-loth.de\/it\/wp-json\/wp\/v2\/types\/page"}],"author":[{"embeddable":true,"href":"https:\/\/www.barbara-loth.de\/it\/wp-json\/wp\/v2\/users\/2"}],"replies":[{"embeddable":true,"href":"https:\/\/www.barbara-loth.de\/it\/wp-json\/wp\/v2\/comments?post=2987"}],"version-history":[{"count":5,"href":"https:\/\/www.barbara-loth.de\/it\/wp-json\/wp\/v2\/pages\/2987\/revisions"}],"predecessor-version":[{"id":3176,"href":"https:\/\/www.barbara-loth.de\/it\/wp-json\/wp\/v2\/pages\/2987\/revisions\/3176"}],"wp:featuredmedia":[{"embeddable":true,"href":"https:\/\/www.barbara-loth.de\/it\/wp-json\/wp\/v2\/media\/2930"}],"wp:attachment":[{"href":"https:\/\/www.barbara-loth.de\/it\/wp-json\/wp\/v2\/media?parent=2987"}],"curies":[{"name":"wp","href":"https:\/\/api.w.org\/{rel}","templated":true}]}}