{"id":2995,"date":"2018-07-09T14:13:55","date_gmt":"2018-07-09T12:13:55","guid":{"rendered":"https:\/\/www.barbara-loth.de\/impronta\/"},"modified":"2023-12-12T19:38:00","modified_gmt":"2023-12-12T18:38:00","slug":"impronta","status":"publish","type":"page","link":"https:\/\/www.barbara-loth.de\/it\/impronta\/","title":{"rendered":"Impronta"},"content":{"rendered":"<p><section id=\"bt_section69f18fd9c1696\" data-parallax=\"0.1\" data-parallax-offset=\"0\" class=\"boldSection topExtraSpaced bottomSpaced btDarkSkin gutter inherit btParallax btBackgroundOverlay btStripedDark\" ><div class=\"port\"><div class=\"boldCell\"><div class=\"boldCellInner\"><div class=\"boldRow \" ><div class=\"boldRowInner\"><div class=\"rowItem col-md-8 col-ms-12 btTextLeft inherit\"  data-width=\"8\"><div class=\"rowItemContent\" ><div class=\"btClear btSeparator topSemiSpaced bottomSmallSpaced noBorder\" ><hr><\/div><header class=\"header btClear large btDash bottomDash\" ><div class=\"dash\"><div class=\"btSuperTitle\"><span>LEAGLE<\/span><\/div><h2><span class=\"headline\">Impronta e <b class=\"animate\"> fornitore <\/b> del <b class=\"animate\"> sito web <\/b><\/span><\/h2><\/div><div class=\"btSubTitle\">Dati di contatto, fornitore e gestore del sito web<\/div><\/header><\/div><\/div><div class=\"rowItem col-md-4 col-ms-12 btTextLeft animate animate-fadein inherit\"  data-width=\"4\"><div class=\"rowItemContent\" ><\/div><\/div><\/div><\/div><\/div><\/div><\/div><\/section><section id=\"bt_section69f18fd9c21d0\"  class=\"boldSection topSemiSpaced bottomSpaced gutter inherit\" ><div class=\"port\"><div class=\"boldCell\"><div class=\"boldCellInner\"><div class=\"boldRow \" ><div class=\"boldRowInner\"><div class=\"rowItem col-md-12 col-ms-12  btTextLeft animate animate-fadein animate-moveup inherit\"  data-width=\"12\"><div class=\"rowItemContent\" ><\/div><\/div><\/div><\/div><div class=\"boldRow \" ><div class=\"boldRowInner\"><div class=\"rowItem col-md-6 col-sm-12 btTextLeft animate animate-fadein animate-moveup inherit\"  data-width=\"6\"><div class=\"rowItemContent\" ><header class=\"header btClear medium btDash bottomDash\" ><div class=\"dash\"><h3><span class=\"headline\">Editore di questa pagina<\/span><\/h3><\/div><\/header><div class=\"btText\" ><\/p>\n<p>Barbara Loth<br \/>\nFriedrichstr. 95<br \/>\n10117 Berlino<\/p>\n<p>Telefono 030 &#8211; 235 904 370<br \/>\nFax 030 &#8211; 235 904 371<br \/>\nE-mail: info@barbara-loth.de<br \/>\nWeb: <a href=\"http:\/\/www.barbara-loth.de\">www.barbara-loth.de<\/a><\/p>\n<p>Codice fiscale 34\/425\/01069 Ufficio imposte Mitte\/Tiergarten<\/p>\n<p>La sig.ra Barbara Loth \u00e8 ammessa alle leggi della Repubblica Federale Tedesca ed \u00e8 membro dell&#8217;<a href=\"http:\/\/www.rak-berlin.de\/\">Ordine degli Avvocati di Berlino<\/a>, Littenstr. 9, 10179 Berlino. Gli ordini degli avvocati esercitano anche una supervisione professionale.<\/p>\n<p><strong>Regolamenti professionali <\/strong><\/p>\n<p>I seguenti regolamenti professionali si applicano essenzialmente ai singoli gruppi professionali:<br \/>\n<a href=\"http:\/\/bundesrecht.juris.de\/brao\/index.html\">BRAO Legge federale sugli avvocati <\/a><br \/>\nCodice di condotta professionale degli avvocati BORA<br \/>\nRegolamenti degli avvocati specialisti<br \/>\nBRAGO tabella federale degli onorari degli avvocati<br \/>\nCodice di condotta per gli avvocati della Comunit\u00e0 europea (CCBE) <u><br \/>\n<\/u>Legge sulle attivit\u00e0 degli avvocati europei in Germania (EuRAG) del 9 marzo 2000 (BGBl. I p. 182).<br \/>\nLegge di attuazione delle direttive della Comunit\u00e0 europea relative alla legge professionale che disciplina la professione di avvocato<br \/>\nRVG &#8211; Legge sugli onorari degli avvocati<\/p>\n<p>I regolamenti professionali per l&#8217;attivit\u00e0 sono elencati sulla homepage dell&#8217;Ordine federale degli avvocati www.brak.de e sono accessibili in qualsiasi momento al link &#8220;Berufsrecht&#8221;.<\/p>\n<p><strong>Assicurazione di responsabilit\u00e0 civile professionale<\/strong><\/p>\n<p>HDI Versicherung AG, Buchholzer Str. 98, 30655 Hannover<\/p>\n<p><strong>Mandato e accordi di remunerazione<\/strong><\/p>\n<p>I servizi di Barbara Loth sono forniti sulla base delle Condizioni Generali di Incarico, disponibili presso il suo ufficio. Inoltre, si applicano accordi di mandato e di remunerazione individuali, previa consultazione dettagliata con i rispettivi clienti.<\/p>\n<p><strong>Informazioni sulla risoluzione alternativa delle controversie ai sensi dell&#8217;articolo 36 della legge sulla risoluzione delle controversie dei consumatori:<\/strong><\/p>\n<p>Il collegio arbitrale dei consumatori competente per le controversie in materia di propriet\u00e0 derivanti da un rapporto di clientela \u00e8 il collegio arbitrale della professione legale, Neue Gr\u00fcnstra\u00dfe 17, 10179 Berlino, <a href=\"http:\/\/www.schlichtungsstelle-der-rechtsanwaltschaft.de\/\">www.schlichtungsstelle-der-rechtsanwaltschaft.de.<\/a> Tuttavia, gli avvocati non sono obbligati a partecipare ai procedimenti di risoluzione delle controversie davanti a un collegio arbitrale dei consumatori.<\/p>\n<p>Barbara Loth non \u00e8 disposta a partecipare a procedure di risoluzione delle controversie davanti a un collegio arbitrale dei consumatori, in particolare a un collegio arbitrale della professione legale.<\/p>\n<p>Informazioni sulla risoluzione delle controversie online. Art. 14 par. 1 Regolamento ODR [Regolamento (UE) 524\/2013]:<\/p>\n<p>Barbara Loth richiama inoltre l&#8217;attenzione dei consumatori sulla piattaforma dell&#8217;Unione europea per la risoluzione delle controversie online (piattaforma ODR): ( <a href=\"http:\/\/ec.europa.eu\/consumers\/ODR\/\">http:\/\/ec.europa.eu\/consumers\/ODR\/<\/a> )<\/p>\n<p>Questa piattaforma serve ad avviare una procedura di risoluzione delle controversie davanti a un collegio arbitrale dei consumatori. Tuttavia, gli avvocati non sono obbligati a partecipare a tali procedimenti. Barbara Loth non \u00e8 disposta a partecipare a una procedura di risoluzione delle controversie che pu\u00f2 essere avviata tramite questa piattaforma.<\/p>\n<p>\n<\/div><div class=\"btClear btSeparator bottomSemiSpaced noBorder\" ><hr><\/div><\/div><\/div><div class=\"rowItem col-md-6 col-sm-12 btTextLeft animate animate-fadein animate-moveup inherit\"  data-width=\"6\"><div class=\"rowItemContent\" ><div class=\"btText\" ><\/p>\n<p><strong>Esclusione di responsabilit\u00e0<\/strong><\/p>\n<p>Nonostante l&#8217;attento controllo dei contenuti, non mi assumo alcuna responsabilit\u00e0 per il contenuto dei link esterni. I gestori delle pagine collegate sono gli unici responsabili del loro contenuto.<\/p>\n<p>Il contenuto del sito web di Barbara Loth serve solo a fornire informazioni generali sui rispettivi settori del diritto o sullo studio legale stesso. Il contenuto del sito non costituisce una consulenza legale e non pu\u00f2 sostituire la consulenza legale nei singoli casi. I contenuti di questo sito web sono stati attentamente studiati. Tuttavia, non si assume alcuna responsabilit\u00e0 per l&#8217;accuratezza dei contenuti pubblicati.<\/p>\n<p><strong>Conflitto di interessi<\/strong><strong><br \/>\n<\/strong>Agli avvocati \u00e8 vietato rappresentare interessi in conflitto a causa delle norme professionali (Sezione 43a (4) del Codice civile tedesco). BRAO). Prima di accettare un mandato, quindi, verifichiamo sempre l&#8217;esistenza di un conflitto di interessi. Un&#8217;e-mail inviata allo studio legale Barbara Loth via Internet non costituisce un rapporto di clientela. Un mandato \u00e8 concluso solo se l&#8217;accettazione del mandato \u00e8 confermata dallo studio legale.<\/p>\n<p><strong>Copyright<\/strong><strong><br \/>\n<\/strong>I contenuti e le opere create dagli operatori del sito su queste pagine sono soggetti alla legge tedesca sul diritto d&#8217;autore. La riproduzione, la modifica, la distribuzione e qualsiasi tipo di utilizzo al di fuori dei limiti della legge sul copyright richiedono il consenso scritto del rispettivo autore o creatore.<\/p>\n<p><a href=\"https:\/\/www.urbandivision.de\/\" target=\"_blank\" rel=\"noopener\">Marketing online | Web Design | SEO<\/a><br \/>\n<a href=\"https:\/\/www.urbandivision.de\"><img loading=\"lazy\" decoding=\"async\" class=\"size-medium alignleft\" src=\"https:\/\/urbandivision.de\/wp-content\/uploads\/2019\/08\/Logo-UrbanDivision.jpg\" alt=\"Marketing online SEO Web Design\" width=\"189\" height=\"90\" \/><\/a><\/p>\n<p>\n<\/div><div class=\"btClear btSeparator bottomSemiSpaced noBorder\" ><hr><\/div><\/div><\/div><\/div><\/div><\/div><\/div><\/div><\/section><\/p>\n","protected":false},"excerpt":{"rendered":"","protected":false},"author":2,"featured_media":0,"parent":0,"menu_order":0,"comment_status":"closed","ping_status":"closed","template":"","meta":{"footnotes":""},"class_list":["post-2995","page","type-page","status-publish","hentry"],"_links":{"self":[{"href":"https:\/\/www.barbara-loth.de\/it\/wp-json\/wp\/v2\/pages\/2995","targetHints":{"allow":["GET"]}}],"collection":[{"href":"https:\/\/www.barbara-loth.de\/it\/wp-json\/wp\/v2\/pages"}],"about":[{"href":"https:\/\/www.barbara-loth.de\/it\/wp-json\/wp\/v2\/types\/page"}],"author":[{"embeddable":true,"href":"https:\/\/www.barbara-loth.de\/it\/wp-json\/wp\/v2\/users\/2"}],"replies":[{"embeddable":true,"href":"https:\/\/www.barbara-loth.de\/it\/wp-json\/wp\/v2\/comments?post=2995"}],"version-history":[{"count":1,"href":"https:\/\/www.barbara-loth.de\/it\/wp-json\/wp\/v2\/pages\/2995\/revisions"}],"predecessor-version":[{"id":3133,"href":"https:\/\/www.barbara-loth.de\/it\/wp-json\/wp\/v2\/pages\/2995\/revisions\/3133"}],"wp:attachment":[{"href":"https:\/\/www.barbara-loth.de\/it\/wp-json\/wp\/v2\/media?parent=2995"}],"curies":[{"name":"wp","href":"https:\/\/api.w.org\/{rel}","templated":true}]}}