{"id":3010,"date":"2018-07-16T08:26:40","date_gmt":"2018-07-16T06:26:40","guid":{"rendered":"https:\/\/www.barbara-loth.de\/su-di-me\/"},"modified":"2023-12-20T11:49:53","modified_gmt":"2023-12-20T10:49:53","slug":"su-di-me","status":"publish","type":"page","link":"https:\/\/www.barbara-loth.de\/it\/su-di-me\/","title":{"rendered":"Su di me"},"content":{"rendered":"<p><section id=\"bt_section69dea48cabf35\" data-parallax=\"0.1\" data-parallax-offset=\"0\" class=\"boldSection topExtraSpaced bottomSpaced btDarkSkin gutter inherit btParallax wBackground cover btBackgroundOverlay btSolidDarkBackground\" style=\"background-image:url('https:\/\/www.barbara-loth.de\/wp-content\/uploads\/2018\/07\/Steinmeier-Loth-Arbeitsrecht-1.jpeg');\"><div class=\"port\"><div class=\"boldCell\"><div class=\"boldCellInner\"><div class=\"boldRow \" ><div class=\"boldRowInner\"><div class=\"rowItem col-md-8 col-ms-12 btTextLeft inherit\"  data-width=\"8\"><div class=\"rowItemContent\" ><div class=\"btClear btSeparator topSemiSpaced bottomSmallSpaced noBorder\" ><hr><\/div><header class=\"header btClear large btDash bottomDash\" ><div class=\"dash\"><div class=\"btSuperTitle\"><span>Curriculum vitae<\/span><\/div><h2><span class=\"headline\">Il mio <b class=\"animate\">CV<\/b> in <b class=\"animate\">sintesi<\/b><\/span><\/h2><\/div><\/header><\/div><\/div><div class=\"rowItem col-md-4 col-ms-12 btTextLeft animate animate-fadein inherit\"  data-width=\"4\"><div class=\"rowItemContent\" ><\/div><\/div><\/div><\/div><\/div><\/div><\/div><\/section><section id=\"bt_section69dea48cac360\" data-parallax=\"0.1\" data-parallax-offset=\"0\" class=\"boldSection topSpaced gutter btBottomVertical btParallax\" ><div class=\"port\"><div class=\"boldCell\"><div class=\"boldCellInner\"><div class=\"boldRow \" ><div class=\"boldRowInner\"><div class=\"rowItem col-md-12 col-ms-12  btTextLeft inherit\"  data-width=\"12\"><div class=\"rowItemContent\" ><div class=\"btClear btSeparator bottomSemiSpaced noBorder\" ><hr><\/div><div class=\"boldRow \" ><div class=\"boldRowInner\"><div class=\"rowItem rowInnerItem col-ms-6  btTextLeft inherit animate animate-fadein animate-moveup\"  ><div class=\"rowItemContent\"><div class=\"servicesItem  btIcoAccentColorIcon btIcoMediumSizeIcon \"><div class=\"sIcon\"><span class=\"btIco btIcoMediumSize btIcoFilledType btIcoAccentColor\"><a href=\"http:\/\/animation-playground\" target=\"_self\" data-ico-fa=\"&#xf126;\" class=\"btIcoHolder\"><\/a><\/span><\/div><div class=\"sTxt\"><header class=\"header btClear small\" ><div class=\"dash\"><h4><span class=\"headline\">Dalla regione della Ruhr al diritto del lavoro<\/span><\/h4><\/div><\/header><p>Dopo essermi diplomata al Reinhard-und Mannesmann Gymnasium di Duisburg, ho fatto domanda per un posto di studio in Giurisprudenza a Berlino tramite lo ZVS (Centro centrale di assegnazione dei posti di studio). Volevo andare a Berlino perch\u00e9 l\u00ec si \u00e8 scritta e si continua a scrivere la storia come in nessun altro luogo della Germania. Volevo studiare legge per poter lavorare efficacemente per la giustizia. Da studentessa ho fatto molti lavori diversi (lavapiatti, cameriera, hostess, babysitter, consegnatrice di giornali, sgombero). Ho sperimentato che le cose non erano sempre giuste. Per questo motivo mi sono specializzata in diritto del lavoro per lottare per una maggiore giustizia sul posto di lavoro. <\/p><\/div><\/div><div class=\"btClear btSeparator bottomSemiSpaced noBorder\" ><hr><\/div><div class=\"btTabs tabsVertical\" data-open-first=\"\"><ul class=\"tabsHeader\"><li><span>Privato<\/span><\/li><\/ul><div class=\"tabPanes accordionPanes\"><div class=\"tabPane\">\r\n\t\t\t<div class=\"tabAccordionTitle\"><span>Privato<\/span><\/div>\r\n\t\t\t<div class=\"tabAccordionContent\"><div class=\"btText\" ><\/p>\n<p><strong>Privato<\/strong><\/p>\n<ul>\n<li>14.01.1957<\/li>\n<li>da Duisburg (Renania Settentrionale-Vestfalia)<\/li>\n<li>Figli: due figli maschi<\/li>\n<li>Religione: protestante<\/li>\n<li>Professione: Avvocato<\/li>\n<\/ul>\n<p><strong>Scuola e universit\u00e0<\/strong><\/p>\n<ul>\n<li>1976 Abitur a Duisburg presso il Reinhard &#8211; and Max &#8211; Mannesmann-Gymnasium<\/li>\n<li>1976 Ha studiato legge alla FU di Berlino<\/li>\n<li>1982 Prima giur. Esame di Stato<\/li>\n<li>1985 Seconda giur. Esame di Stato<\/li>\n<\/ul>\n<p>\n<\/div><\/div>\r\n\t\t<\/div><\/div><\/div><div class=\"btTabs tabsVertical\" data-open-first=\"\"><ul class=\"tabsHeader\"><li><span>Attivit\u00e0 professionali<\/span><\/li><\/ul><div class=\"tabPanes accordionPanes\"><div class=\"tabPane\">\r\n\t\t\t<div class=\"tabAccordionTitle\"><span>Attivit\u00e0 professionali<\/span><\/div>\r\n\t\t\t<div class=\"tabAccordionContent\"><div class=\"btText\" ><\/p>\n<ul>\n<li>Da gennaio 2017: avvocato presso lo studio legale H\u00f6pken und Partner. Focus: Diritto del lavoro<\/li>\n<li>2011 &#8211; 2016: Sottosegretario di Stato presso il Dipartimento del lavoro, dell&#8217;integrazione e delle questioni femminili del Senato<\/li>\n<li>2006 &#8211; 2011: Consigliere distrettuale per gli Affari economici, la Salute e i Trasporti (Steglitz-Zehlendorf) e successivamente Assessore agli Affari economici, alla Salute e ai Trasporti (Steglitz-Zehlendorf). Sindaco e Assessore alla Sanit\u00e0, al Patrimonio e ai Trasporti (Steglitz-Zehlendorf)<\/li>\n<li>1991 &#8211; 2006: giudice presso il Tribunale del lavoro di Berlino<\/li>\n<li>1987-1991: Assistente di ricerca presso la FU di Berlino e successivamente anche presso l&#8217;Universit\u00e0 Humboldt di Berlino.<\/li>\n<li>1985 &#8211; 1990: Avvocato, specializzato in diritto del lavoro<\/li>\n<\/ul>\n<p>\n<\/div><\/div>\r\n\t\t<\/div><\/div><\/div><div class=\"btClear btSeparator bottomSemiSpaced noBorder\" ><hr><\/div><\/div><\/div><div class=\"rowItem rowInnerItem col-ms-6  btTextLeft inherit animate animate-fadein animate-moveup\"  ><div class=\"rowItemContent\"><div class=\"servicesItem  btIcoAccentColorIcon btIcoMediumSizeIcon \"><div class=\"sIcon\"><span class=\"btIco btIcoMediumSize btIcoFilledType btIcoAccentColor\"><a href=\"http:\/\/animation-playground\" target=\"_self\" data-ico-fa=\"&#xf0c0;\" class=\"btIcoHolder\"><\/a><\/span><\/div><div class=\"sTxt\"><header class=\"header btClear small\" ><div class=\"dash\"><h4><span class=\"headline\">Da incarichi onorari e altre attivit\u00e0<\/span><\/h4><\/div><\/header><p>Per me il lavoro e il volontariato vanno di pari passo. Spesso nel volontariato si acquisisce un&#8217;esperienza che si pu\u00f2 mettere a frutto a livello professionale. Ma viceversa, come giudice di un tribunale del lavoro, ho anche sperimentato che con la legge attuale non si pu\u00f2 andare oltre. Ho potuto utilizzare questa esperienza in politica, ad esempio, per proporre dei miglioramenti. Anche in questo caso, l&#8217;area del mercato del lavoro e della politica economica era particolarmente importante per me. Si trattava di proposte concrete per sostenere le aziende nella creazione e nel mantenimento dei posti di lavoro e di misure concrete per dare un&#8217;occupazione alle persone senza lavoro.<\/p><\/div><\/div><div class=\"btClear btSeparator bottomSemiSpaced noBorder\" ><hr><\/div><div class=\"btTabs tabsVertical\" data-open-first=\"\"><ul class=\"tabsHeader\"><li><span>Economia\/Lavoro<\/span><\/li><\/ul><div class=\"tabPanes accordionPanes\"><div class=\"tabPane\">\r\n\t\t\t<div class=\"tabAccordionTitle\"><span>Economia\/Lavoro<\/span><\/div>\r\n\t\t\t<div class=\"tabAccordionContent\"><div class=\"btText\" ><\/p>\n<ul>\n<li>Membro del Forum economico della SPD e.V. dal 2018 &#8211; Responsabile del Forum di esperti sul lavoro, il partenariato per la contrattazione collettiva e l&#8217;integrazione<\/li>\n<\/ul>\n<ul>\n<li>Dal 2006 Presidente della Commissione per l&#8217;economia, il lavoro e la tecnologia (SPD Berlino)\n<ul>\n<li>Membro del comitato esecutivo statale della Arbeitsgemeinschaft f\u00fcr Arbeitnehmerfragen ( AfA &#8211; Berlino ) dal 2018.<\/li>\n<li>Dal 2007 al 2010 Membro. della riunione degli sponsor del Centro per l&#8217;impiego di Steglitz-Zehlendorf<\/li>\n<li>Dal 2007 al 2011 Membro. del Comitato amministrativo dell&#8217;Agenzia per l&#8217;occupazione di Berlino-Sud, recentemente portavoce dei rappresentanti di Berlino.<\/li>\n<li>Dal 2012 al 2014 Membro. del Consiglio di amministrazione dell&#8217;Agenzia federale del lavoro<\/li>\n<\/ul>\n<\/li>\n<\/ul>\n<p>\n<\/div><\/div>\r\n\t\t<\/div><\/div><\/div><div class=\"btTabs tabsVertical\" data-open-first=\"\"><ul class=\"tabsHeader\"><li><span>Legge<\/span><\/li><\/ul><div class=\"tabPanes accordionPanes\"><div class=\"tabPane\">\r\n\t\t\t<div class=\"tabAccordionTitle\"><span>Legge<\/span><\/div>\r\n\t\t\t<div class=\"tabAccordionContent\"><div class=\"btText\" ><\/p>\n<ul>\n<li>Membro dell&#8217;Associazione tedesca delle donne avvocato dal 1985<\/li>\n<li>Membro dell&#8217;Associazione tedesca dei tribunali del lavoro dal 1992.<\/li>\n<li>Membro del Berliner Freundes-und F\u00f6rderkreis Arbeitsrecht e.V. dal 2005.<\/li>\n<li>1998-2006 Presidente del Consiglio Generale dei Giudici dei Tribunali del Lavoro di Berlino<\/li>\n<li>2004-2006 Presidente del Consiglio superiore della magistratura a Berlino<\/li>\n<\/ul>\n<p>\n<\/div><\/div>\r\n\t\t<\/div><\/div><\/div><div class=\"btTabs tabsVertical\" data-open-first=\"\"><ul class=\"tabsHeader\"><li><span>Politica<\/span><\/li><\/ul><div class=\"tabPanes accordionPanes\"><div class=\"tabPane\">\r\n\t\t\t<div class=\"tabAccordionTitle\"><span>Politica<\/span><\/div>\r\n\t\t\t<div class=\"tabAccordionContent\"><div class=\"btText\" ><\/p>\n<ul>\n<li>Membro dell&#8217;SPD dal 1994<\/li>\n<li>2006- 2018 Vicepresidente dell&#8217;SPD di Berlino<\/li>\n<li>2012 &#8211; 2016 Pres. del Gruppo di lavoro sull&#8217;uguaglianza di genere (SPD Berlino)<\/li>\n<li>2014 &#8211; 2016 Membro. Comitato di esperti Strategie contro la destra (SPD Berlino)<\/li>\n<li>2016 &#8211; 2016 Membro. Gruppo di progetto sull&#8217;apertura interculturale (SPD Berlino)<\/li>\n<li>1998 &#8211; 2002 Membro. del comitato esecutivo del dipartimento Seenplatte (SPD Berlino)<\/li>\n<li>2006 &#8211; 2011 Vicepresidente Presidente del distretto SPD Steglitz-Zehlendorf<\/li>\n<li>1998 &#8211; 2002 Membro del Consiglio di amministrazione del gruppo di lavoro delle donne socialdemocratiche<\/li>\n<li>2002 &#8211; 2004 Membro del Consiglio di amministrazione del Gruppo di lavoro degli avvocati socialdemocratici<\/li>\n<\/ul>\n<p>\n<\/div><\/div>\r\n\t\t<\/div><\/div><\/div><div class=\"btTabs tabsVertical\" data-open-first=\"\"><ul class=\"tabsHeader\"><li><span>Societ\u00e0\/Cultura<\/span><\/li><\/ul><div class=\"tabPanes accordionPanes\"><div class=\"tabPane\">\r\n\t\t\t<div class=\"tabAccordionTitle\"><span>Societ\u00e0\/Cultura<\/span><\/div>\r\n\t\t\t<div class=\"tabAccordionContent\"><div class=\"btText\" ><\/p>\n<ul>\n<li>Membro dal 2012. della Societ\u00e0 Max Liebermann di Berlino e.V.<\/li>\n<li>Membro dal 2014. del Comitato consultivo della Diakonie-Hospiz Wannsee<\/li>\n<li>2000-2002 Presidente Consiglio generale dei genitori Werner-von-Siemens-Gymnasium (Zehlendorf)<\/li>\n<\/ul>\n<p>\n<\/div><\/div>\r\n\t\t<\/div><\/div><\/div><\/div><\/div><\/div><\/div><div class=\"btClear btSeparator bottomSemiSpaced noBorder\" ><hr><\/div><\/div><\/div><\/div><\/div><\/div><\/div><\/div><\/section><section id=\"bt_section69dea48cade06\" data-parallax=\"0\" data-parallax-offset=\"0\" class=\"boldSection topSpaced bottomSemiSpaced btDarkSkin gutter inherit btParallax wBackground cover btBackgroundOverlay btSolidDarkBackground\" style=\"background-image:url('https:\/\/www.barbara-loth.de\/wp-content\/uploads\/2018\/07\/Steinmeier-Loth-Arbeitsrecht.jpeg');\"><div class=\"port\"><div class=\"boldCell\"><div class=\"boldCellInner\"><div class=\"boldRow \" ><div class=\"boldRowInner\"><div class=\"rowItem col-md-6 col-sm-12 btTextLeft inherit\"  data-width=\"6\"><div class=\"rowItemContent\" ><header class=\"header btClear extralarge btDash bottomDash\" ><div class=\"dash\"><div class=\"btSuperTitle\"><span>Per voi<\/span><\/div><h1><span class=\"headline\"><b class=\"animate\">Disponibile<\/b> per voi in qualsiasi momento.<\/span><\/h1><\/div><\/header><div class=\"btClear btSeparator bottomSemiSpaced noBorder\" ><hr><\/div><a href=\"https:\/\/www.barbara-loth.de\/it\/contattateci\/\" class=\"btBtn btBtn btnOutlineStyle btnNormalColor btnMedium btnNormalWidth btnRightPosition btnIco\" ><span class=\"btnInnerText\">Contattarci?<\/span><span class=\"btIco \"><span  data-ico-fa=\"&#xf0e0;\" class=\"btIcoHolder\"><\/span><\/span><\/a><\/div><\/div><div class=\"rowItem col-md-3 col-sm-6 col-ms-12 btTextLeft animate animate-fadein inherit\"  data-width=\"3\"><div class=\"rowItemContent\" ><div class=\"btClear btSeparator topSemiSpaced bottomSemiSpaced noBorder\" ><hr><\/div><div class=\"servicesItem  btIcoAccentColorIcon btIcoMediumSizeIcon \"><div class=\"sIcon\"><span class=\"btIco btIcoMediumSize btIcoFilledType btIcoAccentColor\"><span  data-ico-fa=\"&#xf274;\" class=\"btIcoHolder\"><\/span><\/span><\/div><div class=\"sTxt\"><header class=\"header btClear small\" ><div class=\"dash\"><h4><span class=\"headline\">A breve termine<\/span><\/h4><\/div><\/header><p>Appuntamenti possibili entro 24 ore<\/p><\/div><\/div><div class=\"btClear btSeparator bottomSemiSpaced noBorder\" ><hr><\/div><div class=\"servicesItem  btIcoAccentColorIcon btIcoMediumSizeIcon \"><div class=\"sIcon\"><span class=\"btIco btIcoMediumSize btIcoFilledType btIcoAccentColor\"><span  data-ico-fa=\"&#xf017;\" class=\"btIcoHolder\"><\/span><\/span><\/div><div class=\"sTxt\"><header class=\"header btClear small\" ><div class=\"dash\"><h4><span class=\"headline\">Personale<\/span><\/h4><\/div><\/header><p>Possibilit\u00e0 di appuntamenti in loco e serali<\/p><\/div><\/div><div class=\"btClear btSeparator bottomSemiSpaced noBorder\" ><hr><\/div><\/div><\/div><div class=\"rowItem col-md-3 col-sm-6 col-ms-12 btTextLeft animate animate-fadein inherit\"  data-width=\"3\"><div class=\"rowItemContent\" ><\/div><\/div><\/div><\/div><\/div><\/div><\/div><\/section><\/p>\n","protected":false},"excerpt":{"rendered":"","protected":false},"author":2,"featured_media":0,"parent":0,"menu_order":0,"comment_status":"closed","ping_status":"closed","template":"","meta":{"footnotes":""},"class_list":["post-3010","page","type-page","status-publish","hentry"],"_links":{"self":[{"href":"https:\/\/www.barbara-loth.de\/it\/wp-json\/wp\/v2\/pages\/3010","targetHints":{"allow":["GET"]}}],"collection":[{"href":"https:\/\/www.barbara-loth.de\/it\/wp-json\/wp\/v2\/pages"}],"about":[{"href":"https:\/\/www.barbara-loth.de\/it\/wp-json\/wp\/v2\/types\/page"}],"author":[{"embeddable":true,"href":"https:\/\/www.barbara-loth.de\/it\/wp-json\/wp\/v2\/users\/2"}],"replies":[{"embeddable":true,"href":"https:\/\/www.barbara-loth.de\/it\/wp-json\/wp\/v2\/comments?post=3010"}],"version-history":[{"count":2,"href":"https:\/\/www.barbara-loth.de\/it\/wp-json\/wp\/v2\/pages\/3010\/revisions"}],"predecessor-version":[{"id":3155,"href":"https:\/\/www.barbara-loth.de\/it\/wp-json\/wp\/v2\/pages\/3010\/revisions\/3155"}],"wp:attachment":[{"href":"https:\/\/www.barbara-loth.de\/it\/wp-json\/wp\/v2\/media?parent=3010"}],"curies":[{"name":"wp","href":"https:\/\/api.w.org\/{rel}","templated":true}]}}